{"id":4171,"date":"2025-12-01T21:39:11","date_gmt":"2025-12-01T21:39:11","guid":{"rendered":"https:\/\/www.kosmetologiamagiczna.pl\/?page_id=4171"},"modified":"2025-12-31T19:02:54","modified_gmt":"2025-12-31T19:02:54","slug":"inzynieria-tkankowa","status":"publish","type":"page","link":"http:\/\/www.kosmetologiamagiczna.pl\/index.php\/inzynieria-tkankowa\/","title":{"rendered":"In\u017cynieria tkankowa"},"content":{"rendered":"\t\t<div data-elementor-type=\"wp-page\" data-elementor-id=\"4171\" class=\"elementor elementor-4171\">\n\t\t\t\t\t\t<section class=\"elementor-section elementor-top-section elementor-element elementor-element-b70a7f1 elementor-section-boxed elementor-section-height-default elementor-section-height-default\" data-id=\"b70a7f1\" data-element_type=\"section\" data-e-type=\"section\" data-settings=\"{&quot;background_background&quot;:&quot;gradient&quot;}\">\n\t\t\t\t\t\t<div class=\"elementor-container elementor-column-gap-default\">\n\t\t\t\t\t<div class=\"elementor-column elementor-col-33 elementor-top-column elementor-element elementor-element-40110c2\" data-id=\"40110c2\" data-element_type=\"column\" data-e-type=\"column\">\n\t\t\t<div class=\"elementor-widget-wrap elementor-element-populated\">\n\t\t\t\t\t\t<div class=\"elementor-element elementor-element-9c0588d elementor-widget elementor-widget-spacer\" data-id=\"9c0588d\" data-element_type=\"widget\" data-e-type=\"widget\" data-widget_type=\"spacer.default\">\n\t\t\t\t\t\t\t<div class=\"elementor-spacer\">\n\t\t\t<div class=\"elementor-spacer-inner\"><\/div>\n\t\t<\/div>\n\t\t\t\t\t\t<\/div>\n\t\t\t\t<div class=\"elementor-element elementor-element-5615131 elementor-widget__width-initial elementor-widget elementor-widget-heading\" data-id=\"5615131\" data-element_type=\"widget\" data-e-type=\"widget\" data-widget_type=\"heading.default\">\n\t\t\t\t\t<h4 class=\"elementor-heading-title elementor-size-default\">Odm\u0142adzanie przysz\u0142o\u015bci\u0105?  Tak \u2013 to mo\u017cliwe!<\/h4>\t\t\t\t<\/div>\n\t\t\t\t<div class=\"elementor-element elementor-element-c35ed49 elementor-widget elementor-widget-text-editor\" data-id=\"c35ed49\" data-element_type=\"widget\" data-e-type=\"widget\" data-widget_type=\"text-editor.default\">\n\t\t\t\t\t\t\t\t\t<p>In\u017cynieria tkankowa estGen to innowacyjna terapia, kt\u00f3ra wspiera naturalne procesy regeneracyjne sk\u00f3ry, dzia\u0142aj\u0105c na poziomie kom\u00f3rkowym. Dzi\u0119ki zaawansowanym bioaktywnym sk\u0142adnikom zabieg pomaga poprawi\u0107 kondycj\u0119 sk\u00f3ry, wyr\u00f3wna\u0107 jej struktur\u0119 oraz wspiera\u0107 jej zdolno\u015b\u0107 do odnowy.<\/p>\t\t\t\t\t\t\t\t<\/div>\n\t\t\t\t<div class=\"elementor-element elementor-element-6deb1c6 elementor-widget elementor-widget-spacer\" data-id=\"6deb1c6\" data-element_type=\"widget\" data-e-type=\"widget\" data-widget_type=\"spacer.default\">\n\t\t\t\t\t\t\t<div class=\"elementor-spacer\">\n\t\t\t<div class=\"elementor-spacer-inner\"><\/div>\n\t\t<\/div>\n\t\t\t\t\t\t<\/div>\n\t\t\t\t<div class=\"elementor-element elementor-element-a174ffb elementor-widget__width-initial elementor-widget elementor-widget-heading\" data-id=\"a174ffb\" data-element_type=\"widget\" data-e-type=\"widget\" data-widget_type=\"heading.default\">\n\t\t\t\t\t<h5 class=\"elementor-heading-title elementor-size-default\">Poznaj zabieg, kt\u00f3ry nie maskuje problem\u00f3w, lecz pomaga sk\u00f3rze dzia\u0142a\u0107 lepiej.<\/h5>\t\t\t\t<\/div>\n\t\t\t\t<div class=\"elementor-element elementor-element-e256bcb elementor-widget elementor-widget-heading\" data-id=\"e256bcb\" data-element_type=\"widget\" data-e-type=\"widget\" data-widget_type=\"heading.default\">\n\t\t\t\t\t<h5 class=\"elementor-heading-title elementor-size-default\">estGen \u2013 inteligentna regeneracja dla \u015bwiadomej piel\u0119gnacji.<\/h5>\t\t\t\t<\/div>\n\t\t\t\t<div class=\"elementor-element elementor-element-d08dd9a elementor-widget elementor-widget-spacer\" data-id=\"d08dd9a\" data-element_type=\"widget\" data-e-type=\"widget\" data-widget_type=\"spacer.default\">\n\t\t\t\t\t\t\t<div class=\"elementor-spacer\">\n\t\t\t<div class=\"elementor-spacer-inner\"><\/div>\n\t\t<\/div>\n\t\t\t\t\t\t<\/div>\n\t\t\t\t\t<\/div>\n\t\t<\/div>\n\t\t\t\t<div class=\"elementor-column elementor-col-33 elementor-top-column elementor-element elementor-element-e5486b4\" data-id=\"e5486b4\" data-element_type=\"column\" data-e-type=\"column\" data-settings=\"{&quot;background_background&quot;:&quot;classic&quot;}\">\n\t\t\t<div class=\"elementor-widget-wrap\">\n\t\t\t\t\t\t\t<\/div>\n\t\t<\/div>\n\t\t\t\t<div class=\"elementor-column elementor-col-33 elementor-top-column elementor-element elementor-element-04904ad\" data-id=\"04904ad\" data-element_type=\"column\" data-e-type=\"column\" data-settings=\"{&quot;background_background&quot;:&quot;classic&quot;}\">\n\t\t\t<div class=\"elementor-widget-wrap elementor-element-populated\">\n\t\t\t\t\t\t<div class=\"elementor-element elementor-element-e10bd59 elementor-widget elementor-widget-spacer\" data-id=\"e10bd59\" data-element_type=\"widget\" data-e-type=\"widget\" data-widget_type=\"spacer.default\">\n\t\t\t\t\t\t\t<div class=\"elementor-spacer\">\n\t\t\t<div class=\"elementor-spacer-inner\"><\/div>\n\t\t<\/div>\n\t\t\t\t\t\t<\/div>\n\t\t\t\t<div class=\"elementor-element elementor-element-f549798 elementor-widget__width-initial elementor-widget elementor-widget-image\" data-id=\"f549798\" data-element_type=\"widget\" data-e-type=\"widget\" data-widget_type=\"image.default\">\n\t\t\t\t\t\t\t\t\t\t\t\t\t\t\t<img loading=\"lazy\" decoding=\"async\" width=\"555\" height=\"459\" src=\"http:\/\/www.kosmetologiamagiczna.pl\/wp-content\/uploads\/2025\/12\/estgen3.png\" class=\"attachment-1536x1536 size-1536x1536 wp-image-4175\" alt=\"\" srcset=\"http:\/\/www.kosmetologiamagiczna.pl\/wp-content\/uploads\/2025\/12\/estgen3.png 555w, http:\/\/www.kosmetologiamagiczna.pl\/wp-content\/uploads\/2025\/12\/estgen3-300x248.png 300w, http:\/\/www.kosmetologiamagiczna.pl\/wp-content\/uploads\/2025\/12\/estgen3-480x397.png 480w\" sizes=\"auto, (max-width: 555px) 100vw, 555px\" title=\"estgen3\" \/>\t\t\t\t\t\t\t\t\t\t\t\t\t\t\t<\/div>\n\t\t\t\t\t<\/div>\n\t\t<\/div>\n\t\t\t\t\t<\/div>\n\t\t<\/section>\n\t\t\t\t<section class=\"elementor-section elementor-top-section elementor-element elementor-element-6b87d0a elementor-section-boxed elementor-section-height-default elementor-section-height-default\" data-id=\"6b87d0a\" data-element_type=\"section\" data-e-type=\"section\" data-settings=\"{&quot;background_background&quot;:&quot;classic&quot;}\">\n\t\t\t\t\t\t<div class=\"elementor-container elementor-column-gap-default\">\n\t\t\t\t\t<div class=\"elementor-column elementor-col-100 elementor-top-column elementor-element elementor-element-a308b56\" data-id=\"a308b56\" data-element_type=\"column\" data-e-type=\"column\">\n\t\t\t<div class=\"elementor-widget-wrap elementor-element-populated\">\n\t\t\t\t\t\t<div class=\"elementor-element elementor-element-a3a5cad elementor-widget elementor-widget-spacer\" data-id=\"a3a5cad\" data-element_type=\"widget\" data-e-type=\"widget\" data-widget_type=\"spacer.default\">\n\t\t\t\t\t\t\t<div class=\"elementor-spacer\">\n\t\t\t<div class=\"elementor-spacer-inner\"><\/div>\n\t\t<\/div>\n\t\t\t\t\t\t<\/div>\n\t\t\t\t<div class=\"elementor-element elementor-element-7fbdc3d elementor-widget elementor-widget-text-editor\" data-id=\"7fbdc3d\" data-element_type=\"widget\" data-e-type=\"widget\" data-widget_type=\"text-editor.default\">\n\t\t\t\t\t\t\t\t\t<p><span style=\"font-weight: 900; color: #000080;\" class=\"gt3_font-weight\">I<\/span>n\u017cynieria tkankowa to preparaty zawieraj\u0105ce w swym sk\u0142adzie nowoczesne formy bia\u0142ek oraz czynnik\u00f3w wzrostu, kt\u00f3re powoduj\u0105 regeneracj\u0119 sk\u00f3ry. Wieloletnie badania w laboratoriach bioin\u017cynierii tkankowej potwierdzaj\u0105 wysok\u0105 skuteczno\u015b\u0107 preparatu estGen, kt\u00f3rego inteligentna receptura pozwala rozwi\u0105zywa\u0107 okre\u015blony problem sk\u00f3ry, dostosowuj\u0105c si\u0119 do jej rodzaju, wieku i kondycji.<\/p>\t\t\t\t\t\t\t\t<\/div>\n\t\t\t\t<div class=\"elementor-element elementor-element-a33f914 elementor-widget elementor-widget-text-editor\" data-id=\"a33f914\" data-element_type=\"widget\" data-e-type=\"widget\" data-widget_type=\"text-editor.default\">\n\t\t\t\t\t\t\t\t\t<p>Terapia estGen polega na zastosowaniu preparatu na wcze\u015bniej uszkodzon\u0105 tkank\u0119 lub inicjowanie tego uszkodzenia podczas zabiegu specjalistycznego, rozpoczynaj\u0105c w ten spos\u00f3b intensywny proces regeneracji. Wykazuje szerokie zastosowanie przy u\u017cyciu aparatury mikroig\u0142owej i sonoforezy.<\/p>\t\t\t\t\t\t\t\t<\/div>\n\t\t\t\t<div class=\"elementor-element elementor-element-798a2d3 elementor-widget elementor-widget-spacer\" data-id=\"798a2d3\" data-element_type=\"widget\" data-e-type=\"widget\" data-widget_type=\"spacer.default\">\n\t\t\t\t\t\t\t<div class=\"elementor-spacer\">\n\t\t\t<div class=\"elementor-spacer-inner\"><\/div>\n\t\t<\/div>\n\t\t\t\t\t\t<\/div>\n\t\t\t\t<div class=\"elementor-element elementor-element-95b1a73 elementor-widget elementor-widget-text-editor\" data-id=\"95b1a73\" data-element_type=\"widget\" data-e-type=\"widget\" data-widget_type=\"text-editor.default\">\n\t\t\t\t\t\t\t\t\t<p>EstGen:<\/p>\t\t\t\t\t\t\t\t<\/div>\n\t\t\t\t<div class=\"elementor-element elementor-element-0e96bfd elementor-widget elementor-widget-text-editor\" data-id=\"0e96bfd\" data-element_type=\"widget\" data-e-type=\"widget\" data-widget_type=\"text-editor.default\">\n\t\t\t\t\t\t\t\t\t<ul><li>sp\u0142yca blizny (potr\u0105dzikowe i inne),<\/li><li>usuwa\/ i lub zmniejszenia przebarwienia o r\u00f3\u017cnym pochodzeniu,<\/li><li>zag\u0119szcza i odm\u0142adza sk\u00f3r\u0119,<\/li><li>wyp\u0142yca\/ minimalizuje zmarszczki.<\/li><\/ul><p>\u00a0<\/p>\t\t\t\t\t\t\t\t<\/div>\n\t\t\t\t<div class=\"elementor-element elementor-element-ae7907d elementor-widget elementor-widget-spacer\" data-id=\"ae7907d\" data-element_type=\"widget\" data-e-type=\"widget\" data-widget_type=\"spacer.default\">\n\t\t\t\t\t\t\t<div class=\"elementor-spacer\">\n\t\t\t<div class=\"elementor-spacer-inner\"><\/div>\n\t\t<\/div>\n\t\t\t\t\t\t<\/div>\n\t\t\t\t<div class=\"elementor-element elementor-element-ea4f424 elementor-widget elementor-widget-text-editor\" data-id=\"ea4f424\" data-element_type=\"widget\" data-e-type=\"widget\" data-widget_type=\"text-editor.default\">\n\t\t\t\t\t\t\t\t\t<p>Ponadto EstGen dzia\u0142a na:<\/p>\t\t\t\t\t\t\t\t<\/div>\n\t\t\t\t<div class=\"elementor-element elementor-element-53554f9 elementor-widget elementor-widget-text-editor\" data-id=\"53554f9\" data-element_type=\"widget\" data-e-type=\"widget\" data-widget_type=\"text-editor.default\">\n\t\t\t\t\t\t\t\t\t<ul><li>tr\u0105dzik zapalny i bliznowaciej\u0105cy,<\/li><li>tr\u0105dzik r\u00f3\u017cowaty,<\/li><li>\u0142ojotokowe zapalenie sk\u00f3ry,<\/li><li>atopowe zapalenie sk\u00f3ry.<\/li><\/ul>\t\t\t\t\t\t\t\t<\/div>\n\t\t\t\t<div class=\"elementor-element elementor-element-89dfee1 elementor-widget elementor-widget-spacer\" data-id=\"89dfee1\" data-element_type=\"widget\" data-e-type=\"widget\" data-widget_type=\"spacer.default\">\n\t\t\t\t\t\t\t<div class=\"elementor-spacer\">\n\t\t\t<div class=\"elementor-spacer-inner\"><\/div>\n\t\t<\/div>\n\t\t\t\t\t\t<\/div>\n\t\t\t\t<div class=\"elementor-element elementor-element-2d59a55 elementor-widget elementor-widget-text-editor\" data-id=\"2d59a55\" data-element_type=\"widget\" data-e-type=\"widget\" data-widget_type=\"text-editor.default\">\n\t\t\t\t\t\t\t\t\t<p>Jak wygl\u0105da terapia?<\/p>\t\t\t\t\t\t\t\t<\/div>\n\t\t\t\t<div class=\"elementor-element elementor-element-e38178d elementor-widget elementor-widget-text-editor\" data-id=\"e38178d\" data-element_type=\"widget\" data-e-type=\"widget\" data-widget_type=\"text-editor.default\">\n\t\t\t\t\t\t\t\t\t<p>\u017bel bioaktywny Estgen mo\u017ce by\u0107 aplikowany na sk\u00f3r\u0119 w po\u0142\u0105czeniu z sonoforez\u0105 i mezoterapi\u0105 mikroig\u0142ow\u0105 i peelingami mechanicznymi lub chemicznymi. W serii wykonuje si\u0119 2 &#8211; 5 zabieg\u00f3w co 14-30 dni. Mo\u017cliwe jest stosowanie \u017celu EstGen w domu przez klienta \u015bci\u015ble wed\u0142ug wskaza\u0144 kosmetologa. Po zabiegach, szczeg\u00f3lnie z uszkodzeniem sk\u00f3ry, wymagane jest bezwzgl\u0119dne stosowanie si\u0119 do zalece\u0144 kosmetologa dotycz\u0105cych zachowania higieny i piel\u0119gnacji sk\u00f3ry.<\/p>\t\t\t\t\t\t\t\t<\/div>\n\t\t\t\t\t<\/div>\n\t\t<\/div>\n\t\t\t\t\t<\/div>\n\t\t<\/section>\n\t\t\t\t<\/div>\n\t\t","protected":false},"excerpt":{"rendered":"<p>Odm\u0142adzanie przysz\u0142o\u015bci\u0105? Tak \u2013 to mo\u017cliwe! In\u017cynieria tkankowa estGen to innowacyjna terapia, kt\u00f3ra wspiera naturalne procesy regeneracyjne sk\u00f3ry, dzia\u0142aj\u0105c na poziomie kom\u00f3rkowym. Dzi\u0119ki zaawansowanym bioaktywnym sk\u0142adnikom zabieg pomaga poprawi\u0107 kondycj\u0119 sk\u00f3ry, wyr\u00f3wna\u0107 jej struktur\u0119 oraz wspiera\u0107 jej zdolno\u015b\u0107 do odnowy. Poznaj zabieg, kt\u00f3ry nie maskuje problem\u00f3w, lecz pomaga sk\u00f3rze dzia\u0142a\u0107 lepiej. estGen \u2013 inteligentna regeneracja [&hellip;]<\/p>\n","protected":false},"author":1,"featured_media":0,"parent":0,"menu_order":0,"comment_status":"closed","ping_status":"closed","template":"","meta":{"_kadence_starter_templates_imported_post":false,"footnotes":""},"class_list":["post-4171","page","type-page","status-publish","hentry"],"yoast_head":"<!-- This site is optimized with the Yoast SEO plugin v27.1.1 - https:\/\/yoast.com\/product\/yoast-seo-wordpress\/ -->\n<title>In\u017cynieria tkankowa - Kosmetologia Estetyczna MAGICZNA<\/title>\n<meta name=\"robots\" content=\"index, follow, max-snippet:-1, max-image-preview:large, max-video-preview:-1\" \/>\n<link rel=\"canonical\" href=\"http:\/\/www.kosmetologiamagiczna.pl\/index.php\/inzynieria-tkankowa\/\" \/>\n<meta property=\"og:locale\" content=\"pl_PL\" \/>\n<meta property=\"og:type\" content=\"article\" \/>\n<meta property=\"og:title\" content=\"In\u017cynieria tkankowa - Kosmetologia Estetyczna MAGICZNA\" \/>\n<meta property=\"og:description\" content=\"Odm\u0142adzanie przysz\u0142o\u015bci\u0105? Tak \u2013 to mo\u017cliwe! In\u017cynieria tkankowa estGen to innowacyjna terapia, kt\u00f3ra wspiera naturalne procesy regeneracyjne sk\u00f3ry, dzia\u0142aj\u0105c na poziomie kom\u00f3rkowym. Dzi\u0119ki zaawansowanym bioaktywnym sk\u0142adnikom zabieg pomaga poprawi\u0107 kondycj\u0119 sk\u00f3ry, wyr\u00f3wna\u0107 jej struktur\u0119 oraz wspiera\u0107 jej zdolno\u015b\u0107 do odnowy. Poznaj zabieg, kt\u00f3ry nie maskuje problem\u00f3w, lecz pomaga sk\u00f3rze dzia\u0142a\u0107 lepiej. estGen \u2013 inteligentna regeneracja [&hellip;]\" \/>\n<meta property=\"og:url\" content=\"http:\/\/www.kosmetologiamagiczna.pl\/index.php\/inzynieria-tkankowa\/\" \/>\n<meta property=\"og:site_name\" content=\"Kosmetologia Estetyczna MAGICZNA\" \/>\n<meta property=\"article:publisher\" content=\"https:\/\/www.facebook.com\/KosmetologiaEstetycznaMAGICZNA\" \/>\n<meta property=\"article:modified_time\" content=\"2025-12-31T19:02:54+00:00\" \/>\n<meta property=\"og:image\" content=\"http:\/\/www.kosmetologiamagiczna.pl\/wp-content\/uploads\/2025\/12\/estgen3.png\" \/>\n<meta name=\"twitter:card\" content=\"summary_large_image\" \/>\n<meta name=\"twitter:label1\" content=\"Szacowany czas czytania\" \/>\n\t<meta name=\"twitter:data1\" content=\"2 minuty\" \/>\n<script type=\"application\/ld+json\" class=\"yoast-schema-graph\">{\"@context\":\"https:\/\/schema.org\",\"@graph\":[{\"@type\":\"Article\",\"@id\":\"http:\/\/www.kosmetologiamagiczna.pl\/index.php\/inzynieria-tkankowa\/#article\",\"isPartOf\":{\"@id\":\"http:\/\/www.kosmetologiamagiczna.pl\/index.php\/inzynieria-tkankowa\/\"},\"author\":{\"name\":\"admin8435\",\"@id\":\"http:\/\/www.kosmetologiamagiczna.pl\/#\/schema\/person\/7a5e40f6711a4eff6ed34876b82be920\"},\"headline\":\"In\u017cynieria tkankowa\",\"datePublished\":\"2025-12-01T21:39:11+00:00\",\"dateModified\":\"2025-12-31T19:02:54+00:00\",\"mainEntityOfPage\":{\"@id\":\"http:\/\/www.kosmetologiamagiczna.pl\/index.php\/inzynieria-tkankowa\/\"},\"wordCount\":305,\"publisher\":{\"@id\":\"http:\/\/www.kosmetologiamagiczna.pl\/#organization\"},\"image\":{\"@id\":\"http:\/\/www.kosmetologiamagiczna.pl\/index.php\/inzynieria-tkankowa\/#primaryimage\"},\"thumbnailUrl\":\"http:\/\/www.kosmetologiamagiczna.pl\/wp-content\/uploads\/2025\/12\/estgen3.png\",\"inLanguage\":\"pl-PL\"},{\"@type\":\"WebPage\",\"@id\":\"http:\/\/www.kosmetologiamagiczna.pl\/index.php\/inzynieria-tkankowa\/\",\"url\":\"http:\/\/www.kosmetologiamagiczna.pl\/index.php\/inzynieria-tkankowa\/\",\"name\":\"In\u017cynieria tkankowa - Kosmetologia Estetyczna MAGICZNA\",\"isPartOf\":{\"@id\":\"http:\/\/www.kosmetologiamagiczna.pl\/#website\"},\"primaryImageOfPage\":{\"@id\":\"http:\/\/www.kosmetologiamagiczna.pl\/index.php\/inzynieria-tkankowa\/#primaryimage\"},\"image\":{\"@id\":\"http:\/\/www.kosmetologiamagiczna.pl\/index.php\/inzynieria-tkankowa\/#primaryimage\"},\"thumbnailUrl\":\"http:\/\/www.kosmetologiamagiczna.pl\/wp-content\/uploads\/2025\/12\/estgen3.png\",\"datePublished\":\"2025-12-01T21:39:11+00:00\",\"dateModified\":\"2025-12-31T19:02:54+00:00\",\"breadcrumb\":{\"@id\":\"http:\/\/www.kosmetologiamagiczna.pl\/index.php\/inzynieria-tkankowa\/#breadcrumb\"},\"inLanguage\":\"pl-PL\",\"potentialAction\":[{\"@type\":\"ReadAction\",\"target\":[\"http:\/\/www.kosmetologiamagiczna.pl\/index.php\/inzynieria-tkankowa\/\"]}]},{\"@type\":\"ImageObject\",\"inLanguage\":\"pl-PL\",\"@id\":\"http:\/\/www.kosmetologiamagiczna.pl\/index.php\/inzynieria-tkankowa\/#primaryimage\",\"url\":\"http:\/\/www.kosmetologiamagiczna.pl\/wp-content\/uploads\/2025\/12\/estgen3.png\",\"contentUrl\":\"http:\/\/www.kosmetologiamagiczna.pl\/wp-content\/uploads\/2025\/12\/estgen3.png\"},{\"@type\":\"BreadcrumbList\",\"@id\":\"http:\/\/www.kosmetologiamagiczna.pl\/index.php\/inzynieria-tkankowa\/#breadcrumb\",\"itemListElement\":[{\"@type\":\"ListItem\",\"position\":1,\"name\":\"Strona g\u0142\u00f3wna\",\"item\":\"http:\/\/www.kosmetologiamagiczna.pl\/\"},{\"@type\":\"ListItem\",\"position\":2,\"name\":\"In\u017cynieria tkankowa\"}]},{\"@type\":\"WebSite\",\"@id\":\"http:\/\/www.kosmetologiamagiczna.pl\/#website\",\"url\":\"http:\/\/www.kosmetologiamagiczna.pl\/\",\"name\":\"Kosmetologia Estetyczna MAGICZNA\",\"description\":\"Pi\u0119kno, kt\u00f3re podkre\u015bla Twoj\u0105 naturalno\u015b\u0107.\",\"publisher\":{\"@id\":\"http:\/\/www.kosmetologiamagiczna.pl\/#organization\"},\"potentialAction\":[{\"@type\":\"SearchAction\",\"target\":{\"@type\":\"EntryPoint\",\"urlTemplate\":\"http:\/\/www.kosmetologiamagiczna.pl\/?s={search_term_string}\"},\"query-input\":{\"@type\":\"PropertyValueSpecification\",\"valueRequired\":true,\"valueName\":\"search_term_string\"}}],\"inLanguage\":\"pl-PL\"},{\"@type\":\"Organization\",\"@id\":\"http:\/\/www.kosmetologiamagiczna.pl\/#organization\",\"name\":\"Kosmetologia Estetyczna MAGICZNA\",\"url\":\"http:\/\/www.kosmetologiamagiczna.pl\/\",\"logo\":{\"@type\":\"ImageObject\",\"inLanguage\":\"pl-PL\",\"@id\":\"http:\/\/www.kosmetologiamagiczna.pl\/#\/schema\/logo\/image\/\",\"url\":\"http:\/\/www.kosmetologiamagiczna.pl\/wp-content\/uploads\/2025\/11\/cropped-logoAnkaCorel18.png\",\"contentUrl\":\"http:\/\/www.kosmetologiamagiczna.pl\/wp-content\/uploads\/2025\/11\/cropped-logoAnkaCorel18.png\",\"width\":512,\"height\":512,\"caption\":\"Kosmetologia Estetyczna MAGICZNA\"},\"image\":{\"@id\":\"http:\/\/www.kosmetologiamagiczna.pl\/#\/schema\/logo\/image\/\"},\"sameAs\":[\"https:\/\/www.facebook.com\/KosmetologiaEstetycznaMAGICZNA\"]},{\"@type\":\"Person\",\"@id\":\"http:\/\/www.kosmetologiamagiczna.pl\/#\/schema\/person\/7a5e40f6711a4eff6ed34876b82be920\",\"name\":\"admin8435\",\"image\":{\"@type\":\"ImageObject\",\"inLanguage\":\"pl-PL\",\"@id\":\"http:\/\/www.kosmetologiamagiczna.pl\/#\/schema\/person\/image\/\",\"url\":\"https:\/\/secure.gravatar.com\/avatar\/fde0fb39ef54ccfa31495aa1a232b45e955aedd429f911223ac184bbe42de934?s=96&d=mm&r=g\",\"contentUrl\":\"https:\/\/secure.gravatar.com\/avatar\/fde0fb39ef54ccfa31495aa1a232b45e955aedd429f911223ac184bbe42de934?s=96&d=mm&r=g\",\"caption\":\"admin8435\"},\"sameAs\":[\"https:\/\/www.kosmetologiamagiczna.pl\/\",\"https:\/\/www.facebook.com\/KosmetologiaEstetycznaMAGICZNA\"],\"url\":\"http:\/\/www.kosmetologiamagiczna.pl\/index.php\/author\/admin8435\/\"}]}<\/script>\n<!-- \/ Yoast SEO plugin. -->","yoast_head_json":{"title":"In\u017cynieria tkankowa - Kosmetologia Estetyczna MAGICZNA","robots":{"index":"index","follow":"follow","max-snippet":"max-snippet:-1","max-image-preview":"max-image-preview:large","max-video-preview":"max-video-preview:-1"},"canonical":"http:\/\/www.kosmetologiamagiczna.pl\/index.php\/inzynieria-tkankowa\/","og_locale":"pl_PL","og_type":"article","og_title":"In\u017cynieria tkankowa - Kosmetologia Estetyczna MAGICZNA","og_description":"Odm\u0142adzanie przysz\u0142o\u015bci\u0105? Tak \u2013 to mo\u017cliwe! In\u017cynieria tkankowa estGen to innowacyjna terapia, kt\u00f3ra wspiera naturalne procesy regeneracyjne sk\u00f3ry, dzia\u0142aj\u0105c na poziomie kom\u00f3rkowym. Dzi\u0119ki zaawansowanym bioaktywnym sk\u0142adnikom zabieg pomaga poprawi\u0107 kondycj\u0119 sk\u00f3ry, wyr\u00f3wna\u0107 jej struktur\u0119 oraz wspiera\u0107 jej zdolno\u015b\u0107 do odnowy. Poznaj zabieg, kt\u00f3ry nie maskuje problem\u00f3w, lecz pomaga sk\u00f3rze dzia\u0142a\u0107 lepiej. estGen \u2013 inteligentna regeneracja [&hellip;]","og_url":"http:\/\/www.kosmetologiamagiczna.pl\/index.php\/inzynieria-tkankowa\/","og_site_name":"Kosmetologia Estetyczna MAGICZNA","article_publisher":"https:\/\/www.facebook.com\/KosmetologiaEstetycznaMAGICZNA","article_modified_time":"2025-12-31T19:02:54+00:00","og_image":[{"url":"http:\/\/www.kosmetologiamagiczna.pl\/wp-content\/uploads\/2025\/12\/estgen3.png","type":"","width":"","height":""}],"twitter_card":"summary_large_image","twitter_misc":{"Szacowany czas czytania":"2 minuty"},"schema":{"@context":"https:\/\/schema.org","@graph":[{"@type":"Article","@id":"http:\/\/www.kosmetologiamagiczna.pl\/index.php\/inzynieria-tkankowa\/#article","isPartOf":{"@id":"http:\/\/www.kosmetologiamagiczna.pl\/index.php\/inzynieria-tkankowa\/"},"author":{"name":"admin8435","@id":"http:\/\/www.kosmetologiamagiczna.pl\/#\/schema\/person\/7a5e40f6711a4eff6ed34876b82be920"},"headline":"In\u017cynieria tkankowa","datePublished":"2025-12-01T21:39:11+00:00","dateModified":"2025-12-31T19:02:54+00:00","mainEntityOfPage":{"@id":"http:\/\/www.kosmetologiamagiczna.pl\/index.php\/inzynieria-tkankowa\/"},"wordCount":305,"publisher":{"@id":"http:\/\/www.kosmetologiamagiczna.pl\/#organization"},"image":{"@id":"http:\/\/www.kosmetologiamagiczna.pl\/index.php\/inzynieria-tkankowa\/#primaryimage"},"thumbnailUrl":"http:\/\/www.kosmetologiamagiczna.pl\/wp-content\/uploads\/2025\/12\/estgen3.png","inLanguage":"pl-PL"},{"@type":"WebPage","@id":"http:\/\/www.kosmetologiamagiczna.pl\/index.php\/inzynieria-tkankowa\/","url":"http:\/\/www.kosmetologiamagiczna.pl\/index.php\/inzynieria-tkankowa\/","name":"In\u017cynieria tkankowa - Kosmetologia Estetyczna MAGICZNA","isPartOf":{"@id":"http:\/\/www.kosmetologiamagiczna.pl\/#website"},"primaryImageOfPage":{"@id":"http:\/\/www.kosmetologiamagiczna.pl\/index.php\/inzynieria-tkankowa\/#primaryimage"},"image":{"@id":"http:\/\/www.kosmetologiamagiczna.pl\/index.php\/inzynieria-tkankowa\/#primaryimage"},"thumbnailUrl":"http:\/\/www.kosmetologiamagiczna.pl\/wp-content\/uploads\/2025\/12\/estgen3.png","datePublished":"2025-12-01T21:39:11+00:00","dateModified":"2025-12-31T19:02:54+00:00","breadcrumb":{"@id":"http:\/\/www.kosmetologiamagiczna.pl\/index.php\/inzynieria-tkankowa\/#breadcrumb"},"inLanguage":"pl-PL","potentialAction":[{"@type":"ReadAction","target":["http:\/\/www.kosmetologiamagiczna.pl\/index.php\/inzynieria-tkankowa\/"]}]},{"@type":"ImageObject","inLanguage":"pl-PL","@id":"http:\/\/www.kosmetologiamagiczna.pl\/index.php\/inzynieria-tkankowa\/#primaryimage","url":"http:\/\/www.kosmetologiamagiczna.pl\/wp-content\/uploads\/2025\/12\/estgen3.png","contentUrl":"http:\/\/www.kosmetologiamagiczna.pl\/wp-content\/uploads\/2025\/12\/estgen3.png"},{"@type":"BreadcrumbList","@id":"http:\/\/www.kosmetologiamagiczna.pl\/index.php\/inzynieria-tkankowa\/#breadcrumb","itemListElement":[{"@type":"ListItem","position":1,"name":"Strona g\u0142\u00f3wna","item":"http:\/\/www.kosmetologiamagiczna.pl\/"},{"@type":"ListItem","position":2,"name":"In\u017cynieria tkankowa"}]},{"@type":"WebSite","@id":"http:\/\/www.kosmetologiamagiczna.pl\/#website","url":"http:\/\/www.kosmetologiamagiczna.pl\/","name":"Kosmetologia Estetyczna MAGICZNA","description":"Pi\u0119kno, kt\u00f3re podkre\u015bla Twoj\u0105 naturalno\u015b\u0107.","publisher":{"@id":"http:\/\/www.kosmetologiamagiczna.pl\/#organization"},"potentialAction":[{"@type":"SearchAction","target":{"@type":"EntryPoint","urlTemplate":"http:\/\/www.kosmetologiamagiczna.pl\/?s={search_term_string}"},"query-input":{"@type":"PropertyValueSpecification","valueRequired":true,"valueName":"search_term_string"}}],"inLanguage":"pl-PL"},{"@type":"Organization","@id":"http:\/\/www.kosmetologiamagiczna.pl\/#organization","name":"Kosmetologia Estetyczna MAGICZNA","url":"http:\/\/www.kosmetologiamagiczna.pl\/","logo":{"@type":"ImageObject","inLanguage":"pl-PL","@id":"http:\/\/www.kosmetologiamagiczna.pl\/#\/schema\/logo\/image\/","url":"http:\/\/www.kosmetologiamagiczna.pl\/wp-content\/uploads\/2025\/11\/cropped-logoAnkaCorel18.png","contentUrl":"http:\/\/www.kosmetologiamagiczna.pl\/wp-content\/uploads\/2025\/11\/cropped-logoAnkaCorel18.png","width":512,"height":512,"caption":"Kosmetologia Estetyczna MAGICZNA"},"image":{"@id":"http:\/\/www.kosmetologiamagiczna.pl\/#\/schema\/logo\/image\/"},"sameAs":["https:\/\/www.facebook.com\/KosmetologiaEstetycznaMAGICZNA"]},{"@type":"Person","@id":"http:\/\/www.kosmetologiamagiczna.pl\/#\/schema\/person\/7a5e40f6711a4eff6ed34876b82be920","name":"admin8435","image":{"@type":"ImageObject","inLanguage":"pl-PL","@id":"http:\/\/www.kosmetologiamagiczna.pl\/#\/schema\/person\/image\/","url":"https:\/\/secure.gravatar.com\/avatar\/fde0fb39ef54ccfa31495aa1a232b45e955aedd429f911223ac184bbe42de934?s=96&d=mm&r=g","contentUrl":"https:\/\/secure.gravatar.com\/avatar\/fde0fb39ef54ccfa31495aa1a232b45e955aedd429f911223ac184bbe42de934?s=96&d=mm&r=g","caption":"admin8435"},"sameAs":["https:\/\/www.kosmetologiamagiczna.pl\/","https:\/\/www.facebook.com\/KosmetologiaEstetycznaMAGICZNA"],"url":"http:\/\/www.kosmetologiamagiczna.pl\/index.php\/author\/admin8435\/"}]}},"_links":{"self":[{"href":"http:\/\/www.kosmetologiamagiczna.pl\/index.php\/wp-json\/wp\/v2\/pages\/4171","targetHints":{"allow":["GET"]}}],"collection":[{"href":"http:\/\/www.kosmetologiamagiczna.pl\/index.php\/wp-json\/wp\/v2\/pages"}],"about":[{"href":"http:\/\/www.kosmetologiamagiczna.pl\/index.php\/wp-json\/wp\/v2\/types\/page"}],"author":[{"embeddable":true,"href":"http:\/\/www.kosmetologiamagiczna.pl\/index.php\/wp-json\/wp\/v2\/users\/1"}],"replies":[{"embeddable":true,"href":"http:\/\/www.kosmetologiamagiczna.pl\/index.php\/wp-json\/wp\/v2\/comments?post=4171"}],"version-history":[{"count":10,"href":"http:\/\/www.kosmetologiamagiczna.pl\/index.php\/wp-json\/wp\/v2\/pages\/4171\/revisions"}],"predecessor-version":[{"id":5051,"href":"http:\/\/www.kosmetologiamagiczna.pl\/index.php\/wp-json\/wp\/v2\/pages\/4171\/revisions\/5051"}],"wp:attachment":[{"href":"http:\/\/www.kosmetologiamagiczna.pl\/index.php\/wp-json\/wp\/v2\/media?parent=4171"}],"curies":[{"name":"wp","href":"https:\/\/api.w.org\/{rel}","templated":true}]}}