{"id":4241,"date":"2025-12-03T16:38:09","date_gmt":"2025-12-03T16:38:09","guid":{"rendered":"https:\/\/www.kosmetologiamagiczna.pl\/?page_id=4241"},"modified":"2025-12-31T19:24:35","modified_gmt":"2025-12-31T19:24:35","slug":"oczyszczanie-twarzy","status":"publish","type":"page","link":"http:\/\/www.kosmetologiamagiczna.pl\/index.php\/oczyszczanie-twarzy\/","title":{"rendered":"Oczyszczanie twarzy"},"content":{"rendered":"\t\t<div data-elementor-type=\"wp-page\" data-elementor-id=\"4241\" class=\"elementor elementor-4241\">\n\t\t\t\t\t\t<section class=\"elementor-section elementor-top-section elementor-element elementor-element-b70a7f1 elementor-section-boxed elementor-section-height-default elementor-section-height-default\" data-id=\"b70a7f1\" data-element_type=\"section\" data-e-type=\"section\" data-settings=\"{&quot;background_background&quot;:&quot;classic&quot;}\">\n\t\t\t\t\t\t<div class=\"elementor-container elementor-column-gap-default\">\n\t\t\t\t\t<div class=\"elementor-column elementor-col-33 elementor-top-column elementor-element elementor-element-40110c2\" data-id=\"40110c2\" data-element_type=\"column\" data-e-type=\"column\">\n\t\t\t<div class=\"elementor-widget-wrap elementor-element-populated\">\n\t\t\t\t\t\t<div class=\"elementor-element elementor-element-9c0588d elementor-widget elementor-widget-spacer\" data-id=\"9c0588d\" data-element_type=\"widget\" data-e-type=\"widget\" data-widget_type=\"spacer.default\">\n\t\t\t\t\t\t\t<div class=\"elementor-spacer\">\n\t\t\t<div class=\"elementor-spacer-inner\"><\/div>\n\t\t<\/div>\n\t\t\t\t\t\t<\/div>\n\t\t\t\t<div class=\"elementor-element elementor-element-5615131 elementor-widget__width-initial elementor-widget elementor-widget-heading\" data-id=\"5615131\" data-element_type=\"widget\" data-e-type=\"widget\" data-widget_type=\"heading.default\">\n\t\t\t\t\t<h4 class=\"elementor-heading-title elementor-size-default\">G\u0142\u0119boko oczyszczona sk\u00f3ra, naturalny blask!<\/h4>\t\t\t\t<\/div>\n\t\t\t\t<div class=\"elementor-element elementor-element-c35ed49 elementor-widget elementor-widget-text-editor\" data-id=\"c35ed49\" data-element_type=\"widget\" data-e-type=\"widget\" data-widget_type=\"text-editor.default\">\n\t\t\t\t\t\t\t\t\t<p>Manualne oczyszczanie twarzy to profesjonalny zabieg, kt\u00f3ry usuwa zask\u00f3rniki, zanieczyszczenia i nadmiar sebum, pozostawiaj\u0105c sk\u00f3r\u0119 zdrow\u0105, g\u0142adk\u0105 i od\u015bwie\u017con\u0105. Idealny dla os\u00f3b z problematyczn\u0105 cer\u0105, kt\u00f3re chc\u0105 przywr\u00f3ci\u0107 jej r\u00f3wnowag\u0119 i promienny wygl\u0105d.<\/p>\t\t\t\t\t\t\t\t<\/div>\n\t\t\t\t<div class=\"elementor-element elementor-element-6deb1c6 elementor-widget elementor-widget-spacer\" data-id=\"6deb1c6\" data-element_type=\"widget\" data-e-type=\"widget\" data-widget_type=\"spacer.default\">\n\t\t\t\t\t\t\t<div class=\"elementor-spacer\">\n\t\t\t<div class=\"elementor-spacer-inner\"><\/div>\n\t\t<\/div>\n\t\t\t\t\t\t<\/div>\n\t\t\t\t<div class=\"elementor-element elementor-element-a174ffb elementor-widget elementor-widget-heading\" data-id=\"a174ffb\" data-element_type=\"widget\" data-e-type=\"widget\" data-widget_type=\"heading.default\">\n\t\t\t\t\t<h5 class=\"elementor-heading-title elementor-size-default\">W naszym salonie dbamy o delikatno\u015b\u0107 i precyzj\u0119 \u2013 Twoja sk\u00f3ra odzyskuje komfort i naturaln\u0105 \u015bwie\u017co\u015b\u0107 ju\u017c po jednej wizycie.<\/h5>\t\t\t\t<\/div>\n\t\t\t\t\t<\/div>\n\t\t<\/div>\n\t\t\t\t<div class=\"elementor-column elementor-col-33 elementor-top-column elementor-element elementor-element-e5486b4\" data-id=\"e5486b4\" data-element_type=\"column\" data-e-type=\"column\" data-settings=\"{&quot;background_background&quot;:&quot;classic&quot;}\">\n\t\t\t<div class=\"elementor-widget-wrap\">\n\t\t\t\t\t\t\t<\/div>\n\t\t<\/div>\n\t\t\t\t<div class=\"elementor-column elementor-col-33 elementor-top-column elementor-element elementor-element-04904ad\" data-id=\"04904ad\" data-element_type=\"column\" data-e-type=\"column\" data-settings=\"{&quot;background_background&quot;:&quot;classic&quot;}\">\n\t\t\t<div class=\"elementor-widget-wrap elementor-element-populated\">\n\t\t\t\t\t\t<div class=\"elementor-element elementor-element-a7c1594 elementor-widget elementor-widget-image\" data-id=\"a7c1594\" data-element_type=\"widget\" data-e-type=\"widget\" data-widget_type=\"image.default\">\n\t\t\t\t\t\t\t\t\t\t\t\t\t\t\t<img loading=\"lazy\" decoding=\"async\" width=\"844\" height=\"563\" src=\"http:\/\/www.kosmetologiamagiczna.pl\/wp-content\/uploads\/2025\/12\/manualneoczyszczanie.png\" class=\"attachment-1536x1536 size-1536x1536 wp-image-4244\" alt=\"\" srcset=\"http:\/\/www.kosmetologiamagiczna.pl\/wp-content\/uploads\/2025\/12\/manualneoczyszczanie.png 844w, http:\/\/www.kosmetologiamagiczna.pl\/wp-content\/uploads\/2025\/12\/manualneoczyszczanie-300x200.png 300w, http:\/\/www.kosmetologiamagiczna.pl\/wp-content\/uploads\/2025\/12\/manualneoczyszczanie-768x512.png 768w, http:\/\/www.kosmetologiamagiczna.pl\/wp-content\/uploads\/2025\/12\/manualneoczyszczanie-480x320.png 480w\" sizes=\"auto, (max-width: 844px) 100vw, 844px\" title=\"manualneoczyszczanie\" \/>\t\t\t\t\t\t\t\t\t\t\t\t\t\t\t<\/div>\n\t\t\t\t\t<\/div>\n\t\t<\/div>\n\t\t\t\t\t<\/div>\n\t\t<\/section>\n\t\t\t\t<section class=\"elementor-section elementor-top-section elementor-element elementor-element-6b87d0a elementor-section-boxed elementor-section-height-default elementor-section-height-default\" data-id=\"6b87d0a\" data-element_type=\"section\" data-e-type=\"section\" data-settings=\"{&quot;background_background&quot;:&quot;classic&quot;}\">\n\t\t\t\t\t\t<div class=\"elementor-container elementor-column-gap-default\">\n\t\t\t\t\t<div class=\"elementor-column elementor-col-100 elementor-top-column elementor-element elementor-element-a308b56\" data-id=\"a308b56\" data-element_type=\"column\" data-e-type=\"column\">\n\t\t\t<div class=\"elementor-widget-wrap elementor-element-populated\">\n\t\t\t\t\t\t<div class=\"elementor-element elementor-element-a3a5cad elementor-widget elementor-widget-spacer\" data-id=\"a3a5cad\" data-element_type=\"widget\" data-e-type=\"widget\" data-widget_type=\"spacer.default\">\n\t\t\t\t\t\t\t<div class=\"elementor-spacer\">\n\t\t\t<div class=\"elementor-spacer-inner\"><\/div>\n\t\t<\/div>\n\t\t\t\t\t\t<\/div>\n\t\t\t\t<div class=\"elementor-element elementor-element-a33f914 elementor-widget elementor-widget-text-editor\" data-id=\"a33f914\" data-element_type=\"widget\" data-e-type=\"widget\" data-widget_type=\"text-editor.default\">\n\t\t\t\t\t\t\t\t\t<p><span style=\"font-weight: 900; color: #000080;\" class=\"gt3_font-weight\">M<\/span>anualne oczyszczanie twarzy jest zabiegiem, kt\u00f3ry sk\u0142ada si\u0119 r\u0119cznego usuwania wykwit\u00f3w sk\u00f3ry w postaci zask\u00f3rnik\u00f3w otwartych, zamkni\u0119tych i prosak\u00f3w. Opr\u00f3cz tego wykonywane s\u0105 r\u00f3wnie\u017c inne czynno\u015bci, kt\u00f3re u\u0142atwi\u0105 prac\u0119 manualnego oczyszczania oraz sprawi\u0105, \u017ce zostanie ono dok\u0142adnie wykonane. Ca\u0142y zabieg trwa oko\u0142o 2 godzin. Manualne oczyszczanie wykonuje si\u0119 na sk\u00f3rze twarzy i plec\u00f3w.<br \/>Dla lepszych efekt\u00f3w zabieg najcz\u0119\u015bciej \u0142\u0105czy si\u0119 z kwasem migda\u0142owym.<\/p>\t\t\t\t\t\t\t\t<\/div>\n\t\t\t\t<div class=\"elementor-element elementor-element-0e96bfd elementor-widget elementor-widget-text-editor\" data-id=\"0e96bfd\" data-element_type=\"widget\" data-e-type=\"widget\" data-widget_type=\"text-editor.default\">\n\t\t\t\t\t\t\t\t\t<p>Etapy zabiegu:<\/p>\t\t\t\t\t\t\t\t<\/div>\n\t\t\t\t<div class=\"elementor-element elementor-element-45127f6 elementor-widget elementor-widget-text-editor\" data-id=\"45127f6\" data-element_type=\"widget\" data-e-type=\"widget\" data-widget_type=\"text-editor.default\">\n\t\t\t\t\t\t\t\t\t<ul><li>wst\u0119pne oczyszczanie,<\/li><li>peeling enzymatyczny lub ziarnisty,<\/li><li>maska rozpulchniaj\u0105ca,<\/li><li>oczyszczanie manualne,<\/li><li>darsonwalizacja,<\/li><li>peeling chemiczny migda\u0142owy,<\/li><li>maska \u0142agodz\u0105ca ze srebrem,<\/li><li>krem regeneruj\u0105cy.<\/li><\/ul>\t\t\t\t\t\t\t\t<\/div>\n\t\t\t\t<div class=\"elementor-element elementor-element-8bdeacf elementor-widget elementor-widget-spacer\" data-id=\"8bdeacf\" data-element_type=\"widget\" data-e-type=\"widget\" data-widget_type=\"spacer.default\">\n\t\t\t\t\t\t\t<div class=\"elementor-spacer\">\n\t\t\t<div class=\"elementor-spacer-inner\"><\/div>\n\t\t<\/div>\n\t\t\t\t\t\t<\/div>\n\t\t\t\t<div class=\"elementor-element-custom_color elementor-element elementor-element-d1492d1 elementor-widget__width-initial elementor-widget elementor-widget-text-editor\" data-id=\"d1492d1\" data-element_type=\"widget\" data-e-type=\"widget\" data-widget_type=\"text-editor.default\">\n\t\t\t\t\t\t\t\t\t<h4 style=\"text-align: center;\"><strong>NOWO\u015a\u0106<\/strong><br \/>Oczyszczanie wodorowe.<\/h4>\t\t\t\t\t\t\t\t<\/div>\n\t\t\t\t\t<\/div>\n\t\t<\/div>\n\t\t\t\t\t<\/div>\n\t\t<\/section>\n\t\t\t\t<\/div>\n\t\t","protected":false},"excerpt":{"rendered":"<p>G\u0142\u0119boko oczyszczona sk\u00f3ra, naturalny blask! Manualne oczyszczanie twarzy to profesjonalny zabieg, kt\u00f3ry usuwa zask\u00f3rniki, zanieczyszczenia i nadmiar sebum, pozostawiaj\u0105c sk\u00f3r\u0119 zdrow\u0105, g\u0142adk\u0105 i od\u015bwie\u017con\u0105. Idealny dla os\u00f3b z problematyczn\u0105 cer\u0105, kt\u00f3re chc\u0105 przywr\u00f3ci\u0107 jej r\u00f3wnowag\u0119 i promienny wygl\u0105d. W naszym salonie dbamy o delikatno\u015b\u0107 i precyzj\u0119 \u2013 Twoja sk\u00f3ra odzyskuje komfort i naturaln\u0105 \u015bwie\u017co\u015b\u0107 ju\u017c [&hellip;]<\/p>\n","protected":false},"author":1,"featured_media":0,"parent":0,"menu_order":0,"comment_status":"closed","ping_status":"closed","template":"","meta":{"_kadence_starter_templates_imported_post":false,"footnotes":""},"class_list":["post-4241","page","type-page","status-publish","hentry"],"yoast_head":"<!-- This site is optimized with the Yoast SEO plugin v27.1.1 - https:\/\/yoast.com\/product\/yoast-seo-wordpress\/ -->\n<title>Oczyszczanie twarzy - Kosmetologia Estetyczna MAGICZNA<\/title>\n<meta name=\"description\" content=\"G\u0142\u0119boko oczyszczona sk\u00f3ra, naturalny blask! Manualne oczyszczanie twarzy to profesjonalny zabieg, kt\u00f3ry usuwa zask\u00f3rniki, zanieczyszczenia i nadmiar sebum, pozostawiaj\u0105c sk\u00f3r\u0119 zdrow\u0105, g\u0142adk\u0105 i od\u015bwie\u017con\u0105. Idealny dla os\u00f3b z problematyczn\u0105 cer\u0105, kt\u00f3re chc\u0105 przywr\u00f3ci\u0107 jej r\u00f3wnowag\u0119 i promienny wygl\u0105d.W naszym salonie dbamy o delikatno\u015b\u0107 i precyzj\u0119 \u2013 Twoja sk\u00f3ra odzyskuje komfort i naturaln\u0105 \u015bwie\u017co\u015b\u0107 ju\u017c po jednej wizycie.\" \/>\n<meta name=\"robots\" content=\"index, follow, max-snippet:-1, max-image-preview:large, max-video-preview:-1\" \/>\n<link rel=\"canonical\" href=\"https:\/\/www.kosmetologiamagiczna.pl\/index.php\/oczyszczanie-twarzy\/\" \/>\n<meta property=\"og:locale\" content=\"pl_PL\" \/>\n<meta property=\"og:type\" content=\"article\" \/>\n<meta property=\"og:title\" content=\"Oczyszczanie twarzy - Kosmetologia Estetyczna MAGICZNA\" \/>\n<meta property=\"og:description\" content=\"G\u0142\u0119boko oczyszczona sk\u00f3ra, naturalny blask! Manualne oczyszczanie twarzy to profesjonalny zabieg, kt\u00f3ry usuwa zask\u00f3rniki, zanieczyszczenia i nadmiar sebum, pozostawiaj\u0105c sk\u00f3r\u0119 zdrow\u0105, g\u0142adk\u0105 i od\u015bwie\u017con\u0105. Idealny dla os\u00f3b z problematyczn\u0105 cer\u0105, kt\u00f3re chc\u0105 przywr\u00f3ci\u0107 jej r\u00f3wnowag\u0119 i promienny wygl\u0105d.W naszym salonie dbamy o delikatno\u015b\u0107 i precyzj\u0119 \u2013 Twoja sk\u00f3ra odzyskuje komfort i naturaln\u0105 \u015bwie\u017co\u015b\u0107 ju\u017c po jednej wizycie.\" \/>\n<meta property=\"og:url\" content=\"https:\/\/www.kosmetologiamagiczna.pl\/index.php\/oczyszczanie-twarzy\/\" \/>\n<meta property=\"og:site_name\" content=\"Kosmetologia Estetyczna MAGICZNA\" \/>\n<meta property=\"article:publisher\" content=\"https:\/\/www.facebook.com\/KosmetologiaEstetycznaMAGICZNA\" \/>\n<meta property=\"article:modified_time\" content=\"2025-12-31T19:24:35+00:00\" \/>\n<meta property=\"og:image\" content=\"http:\/\/www.kosmetologiamagiczna.pl\/wp-content\/uploads\/2025\/12\/manualneoczyszczanie.png\" \/>\n<meta name=\"twitter:card\" content=\"summary_large_image\" \/>\n<meta name=\"twitter:label1\" content=\"Szacowany czas czytania\" \/>\n\t<meta name=\"twitter:data1\" content=\"2 minuty\" \/>\n<script type=\"application\/ld+json\" class=\"yoast-schema-graph\">{\"@context\":\"https:\/\/schema.org\",\"@graph\":[{\"@type\":\"WebPage\",\"@id\":\"https:\/\/www.kosmetologiamagiczna.pl\/index.php\/oczyszczanie-twarzy\/\",\"url\":\"https:\/\/www.kosmetologiamagiczna.pl\/index.php\/oczyszczanie-twarzy\/\",\"name\":\"Oczyszczanie twarzy - Kosmetologia Estetyczna MAGICZNA\",\"isPartOf\":{\"@id\":\"https:\/\/www.kosmetologiamagiczna.pl\/#website\"},\"primaryImageOfPage\":{\"@id\":\"https:\/\/www.kosmetologiamagiczna.pl\/index.php\/oczyszczanie-twarzy\/#primaryimage\"},\"image\":{\"@id\":\"https:\/\/www.kosmetologiamagiczna.pl\/index.php\/oczyszczanie-twarzy\/#primaryimage\"},\"thumbnailUrl\":\"http:\/\/www.kosmetologiamagiczna.pl\/wp-content\/uploads\/2025\/12\/manualneoczyszczanie.png\",\"datePublished\":\"2025-12-03T16:38:09+00:00\",\"dateModified\":\"2025-12-31T19:24:35+00:00\",\"description\":\"G\u0142\u0119boko oczyszczona sk\u00f3ra, naturalny blask! Manualne oczyszczanie twarzy to profesjonalny zabieg, kt\u00f3ry usuwa zask\u00f3rniki, zanieczyszczenia i nadmiar sebum, pozostawiaj\u0105c sk\u00f3r\u0119 zdrow\u0105, g\u0142adk\u0105 i od\u015bwie\u017con\u0105. Idealny dla os\u00f3b z problematyczn\u0105 cer\u0105, kt\u00f3re chc\u0105 przywr\u00f3ci\u0107 jej r\u00f3wnowag\u0119 i promienny wygl\u0105d.W naszym salonie dbamy o delikatno\u015b\u0107 i precyzj\u0119 \u2013 Twoja sk\u00f3ra odzyskuje komfort i naturaln\u0105 \u015bwie\u017co\u015b\u0107 ju\u017c po jednej wizycie.\",\"breadcrumb\":{\"@id\":\"https:\/\/www.kosmetologiamagiczna.pl\/index.php\/oczyszczanie-twarzy\/#breadcrumb\"},\"inLanguage\":\"pl-PL\",\"potentialAction\":[{\"@type\":\"ReadAction\",\"target\":[\"https:\/\/www.kosmetologiamagiczna.pl\/index.php\/oczyszczanie-twarzy\/\"]}]},{\"@type\":\"ImageObject\",\"inLanguage\":\"pl-PL\",\"@id\":\"https:\/\/www.kosmetologiamagiczna.pl\/index.php\/oczyszczanie-twarzy\/#primaryimage\",\"url\":\"http:\/\/www.kosmetologiamagiczna.pl\/wp-content\/uploads\/2025\/12\/manualneoczyszczanie.png\",\"contentUrl\":\"http:\/\/www.kosmetologiamagiczna.pl\/wp-content\/uploads\/2025\/12\/manualneoczyszczanie.png\"},{\"@type\":\"BreadcrumbList\",\"@id\":\"https:\/\/www.kosmetologiamagiczna.pl\/index.php\/oczyszczanie-twarzy\/#breadcrumb\",\"itemListElement\":[{\"@type\":\"ListItem\",\"position\":1,\"name\":\"Strona g\u0142\u00f3wna\",\"item\":\"https:\/\/www.kosmetologiamagiczna.pl\/\"},{\"@type\":\"ListItem\",\"position\":2,\"name\":\"Oczyszczanie twarzy\"}]},{\"@type\":\"WebSite\",\"@id\":\"https:\/\/www.kosmetologiamagiczna.pl\/#website\",\"url\":\"https:\/\/www.kosmetologiamagiczna.pl\/\",\"name\":\"Kosmetologia Estetyczna MAGICZNA\",\"description\":\"Pi\u0119kno, kt\u00f3re podkre\u015bla Twoj\u0105 naturalno\u015b\u0107.\",\"publisher\":{\"@id\":\"https:\/\/www.kosmetologiamagiczna.pl\/#organization\"},\"potentialAction\":[{\"@type\":\"SearchAction\",\"target\":{\"@type\":\"EntryPoint\",\"urlTemplate\":\"https:\/\/www.kosmetologiamagiczna.pl\/?s={search_term_string}\"},\"query-input\":{\"@type\":\"PropertyValueSpecification\",\"valueRequired\":true,\"valueName\":\"search_term_string\"}}],\"inLanguage\":\"pl-PL\"},{\"@type\":\"Organization\",\"@id\":\"https:\/\/www.kosmetologiamagiczna.pl\/#organization\",\"name\":\"Kosmetologia Estetyczna MAGICZNA\",\"url\":\"https:\/\/www.kosmetologiamagiczna.pl\/\",\"logo\":{\"@type\":\"ImageObject\",\"inLanguage\":\"pl-PL\",\"@id\":\"https:\/\/www.kosmetologiamagiczna.pl\/#\/schema\/logo\/image\/\",\"url\":\"http:\/\/www.kosmetologiamagiczna.pl\/wp-content\/uploads\/2025\/11\/cropped-logoAnkaCorel18.png\",\"contentUrl\":\"http:\/\/www.kosmetologiamagiczna.pl\/wp-content\/uploads\/2025\/11\/cropped-logoAnkaCorel18.png\",\"width\":512,\"height\":512,\"caption\":\"Kosmetologia Estetyczna MAGICZNA\"},\"image\":{\"@id\":\"https:\/\/www.kosmetologiamagiczna.pl\/#\/schema\/logo\/image\/\"},\"sameAs\":[\"https:\/\/www.facebook.com\/KosmetologiaEstetycznaMAGICZNA\"]}]}<\/script>\n<!-- \/ Yoast SEO plugin. -->","yoast_head_json":{"title":"Oczyszczanie twarzy - Kosmetologia Estetyczna MAGICZNA","description":"G\u0142\u0119boko oczyszczona sk\u00f3ra, naturalny blask! Manualne oczyszczanie twarzy to profesjonalny zabieg, kt\u00f3ry usuwa zask\u00f3rniki, zanieczyszczenia i nadmiar sebum, pozostawiaj\u0105c sk\u00f3r\u0119 zdrow\u0105, g\u0142adk\u0105 i od\u015bwie\u017con\u0105. Idealny dla os\u00f3b z problematyczn\u0105 cer\u0105, kt\u00f3re chc\u0105 przywr\u00f3ci\u0107 jej r\u00f3wnowag\u0119 i promienny wygl\u0105d.W naszym salonie dbamy o delikatno\u015b\u0107 i precyzj\u0119 \u2013 Twoja sk\u00f3ra odzyskuje komfort i naturaln\u0105 \u015bwie\u017co\u015b\u0107 ju\u017c po jednej wizycie.","robots":{"index":"index","follow":"follow","max-snippet":"max-snippet:-1","max-image-preview":"max-image-preview:large","max-video-preview":"max-video-preview:-1"},"canonical":"https:\/\/www.kosmetologiamagiczna.pl\/index.php\/oczyszczanie-twarzy\/","og_locale":"pl_PL","og_type":"article","og_title":"Oczyszczanie twarzy - Kosmetologia Estetyczna MAGICZNA","og_description":"G\u0142\u0119boko oczyszczona sk\u00f3ra, naturalny blask! Manualne oczyszczanie twarzy to profesjonalny zabieg, kt\u00f3ry usuwa zask\u00f3rniki, zanieczyszczenia i nadmiar sebum, pozostawiaj\u0105c sk\u00f3r\u0119 zdrow\u0105, g\u0142adk\u0105 i od\u015bwie\u017con\u0105. Idealny dla os\u00f3b z problematyczn\u0105 cer\u0105, kt\u00f3re chc\u0105 przywr\u00f3ci\u0107 jej r\u00f3wnowag\u0119 i promienny wygl\u0105d.W naszym salonie dbamy o delikatno\u015b\u0107 i precyzj\u0119 \u2013 Twoja sk\u00f3ra odzyskuje komfort i naturaln\u0105 \u015bwie\u017co\u015b\u0107 ju\u017c po jednej wizycie.","og_url":"https:\/\/www.kosmetologiamagiczna.pl\/index.php\/oczyszczanie-twarzy\/","og_site_name":"Kosmetologia Estetyczna MAGICZNA","article_publisher":"https:\/\/www.facebook.com\/KosmetologiaEstetycznaMAGICZNA","article_modified_time":"2025-12-31T19:24:35+00:00","og_image":[{"url":"http:\/\/www.kosmetologiamagiczna.pl\/wp-content\/uploads\/2025\/12\/manualneoczyszczanie.png","type":"","width":"","height":""}],"twitter_card":"summary_large_image","twitter_misc":{"Szacowany czas czytania":"2 minuty"},"schema":{"@context":"https:\/\/schema.org","@graph":[{"@type":"WebPage","@id":"https:\/\/www.kosmetologiamagiczna.pl\/index.php\/oczyszczanie-twarzy\/","url":"https:\/\/www.kosmetologiamagiczna.pl\/index.php\/oczyszczanie-twarzy\/","name":"Oczyszczanie twarzy - Kosmetologia Estetyczna MAGICZNA","isPartOf":{"@id":"https:\/\/www.kosmetologiamagiczna.pl\/#website"},"primaryImageOfPage":{"@id":"https:\/\/www.kosmetologiamagiczna.pl\/index.php\/oczyszczanie-twarzy\/#primaryimage"},"image":{"@id":"https:\/\/www.kosmetologiamagiczna.pl\/index.php\/oczyszczanie-twarzy\/#primaryimage"},"thumbnailUrl":"http:\/\/www.kosmetologiamagiczna.pl\/wp-content\/uploads\/2025\/12\/manualneoczyszczanie.png","datePublished":"2025-12-03T16:38:09+00:00","dateModified":"2025-12-31T19:24:35+00:00","description":"G\u0142\u0119boko oczyszczona sk\u00f3ra, naturalny blask! Manualne oczyszczanie twarzy to profesjonalny zabieg, kt\u00f3ry usuwa zask\u00f3rniki, zanieczyszczenia i nadmiar sebum, pozostawiaj\u0105c sk\u00f3r\u0119 zdrow\u0105, g\u0142adk\u0105 i od\u015bwie\u017con\u0105. Idealny dla os\u00f3b z problematyczn\u0105 cer\u0105, kt\u00f3re chc\u0105 przywr\u00f3ci\u0107 jej r\u00f3wnowag\u0119 i promienny wygl\u0105d.W naszym salonie dbamy o delikatno\u015b\u0107 i precyzj\u0119 \u2013 Twoja sk\u00f3ra odzyskuje komfort i naturaln\u0105 \u015bwie\u017co\u015b\u0107 ju\u017c po jednej wizycie.","breadcrumb":{"@id":"https:\/\/www.kosmetologiamagiczna.pl\/index.php\/oczyszczanie-twarzy\/#breadcrumb"},"inLanguage":"pl-PL","potentialAction":[{"@type":"ReadAction","target":["https:\/\/www.kosmetologiamagiczna.pl\/index.php\/oczyszczanie-twarzy\/"]}]},{"@type":"ImageObject","inLanguage":"pl-PL","@id":"https:\/\/www.kosmetologiamagiczna.pl\/index.php\/oczyszczanie-twarzy\/#primaryimage","url":"http:\/\/www.kosmetologiamagiczna.pl\/wp-content\/uploads\/2025\/12\/manualneoczyszczanie.png","contentUrl":"http:\/\/www.kosmetologiamagiczna.pl\/wp-content\/uploads\/2025\/12\/manualneoczyszczanie.png"},{"@type":"BreadcrumbList","@id":"https:\/\/www.kosmetologiamagiczna.pl\/index.php\/oczyszczanie-twarzy\/#breadcrumb","itemListElement":[{"@type":"ListItem","position":1,"name":"Strona g\u0142\u00f3wna","item":"https:\/\/www.kosmetologiamagiczna.pl\/"},{"@type":"ListItem","position":2,"name":"Oczyszczanie twarzy"}]},{"@type":"WebSite","@id":"https:\/\/www.kosmetologiamagiczna.pl\/#website","url":"https:\/\/www.kosmetologiamagiczna.pl\/","name":"Kosmetologia Estetyczna MAGICZNA","description":"Pi\u0119kno, kt\u00f3re podkre\u015bla Twoj\u0105 naturalno\u015b\u0107.","publisher":{"@id":"https:\/\/www.kosmetologiamagiczna.pl\/#organization"},"potentialAction":[{"@type":"SearchAction","target":{"@type":"EntryPoint","urlTemplate":"https:\/\/www.kosmetologiamagiczna.pl\/?s={search_term_string}"},"query-input":{"@type":"PropertyValueSpecification","valueRequired":true,"valueName":"search_term_string"}}],"inLanguage":"pl-PL"},{"@type":"Organization","@id":"https:\/\/www.kosmetologiamagiczna.pl\/#organization","name":"Kosmetologia Estetyczna MAGICZNA","url":"https:\/\/www.kosmetologiamagiczna.pl\/","logo":{"@type":"ImageObject","inLanguage":"pl-PL","@id":"https:\/\/www.kosmetologiamagiczna.pl\/#\/schema\/logo\/image\/","url":"http:\/\/www.kosmetologiamagiczna.pl\/wp-content\/uploads\/2025\/11\/cropped-logoAnkaCorel18.png","contentUrl":"http:\/\/www.kosmetologiamagiczna.pl\/wp-content\/uploads\/2025\/11\/cropped-logoAnkaCorel18.png","width":512,"height":512,"caption":"Kosmetologia Estetyczna MAGICZNA"},"image":{"@id":"https:\/\/www.kosmetologiamagiczna.pl\/#\/schema\/logo\/image\/"},"sameAs":["https:\/\/www.facebook.com\/KosmetologiaEstetycznaMAGICZNA"]}]}},"_links":{"self":[{"href":"http:\/\/www.kosmetologiamagiczna.pl\/index.php\/wp-json\/wp\/v2\/pages\/4241","targetHints":{"allow":["GET"]}}],"collection":[{"href":"http:\/\/www.kosmetologiamagiczna.pl\/index.php\/wp-json\/wp\/v2\/pages"}],"about":[{"href":"http:\/\/www.kosmetologiamagiczna.pl\/index.php\/wp-json\/wp\/v2\/types\/page"}],"author":[{"embeddable":true,"href":"http:\/\/www.kosmetologiamagiczna.pl\/index.php\/wp-json\/wp\/v2\/users\/1"}],"replies":[{"embeddable":true,"href":"http:\/\/www.kosmetologiamagiczna.pl\/index.php\/wp-json\/wp\/v2\/comments?post=4241"}],"version-history":[{"count":13,"href":"http:\/\/www.kosmetologiamagiczna.pl\/index.php\/wp-json\/wp\/v2\/pages\/4241\/revisions"}],"predecessor-version":[{"id":5066,"href":"http:\/\/www.kosmetologiamagiczna.pl\/index.php\/wp-json\/wp\/v2\/pages\/4241\/revisions\/5066"}],"wp:attachment":[{"href":"http:\/\/www.kosmetologiamagiczna.pl\/index.php\/wp-json\/wp\/v2\/media?parent=4241"}],"curies":[{"name":"wp","href":"https:\/\/api.w.org\/{rel}","templated":true}]}}