{"id":4257,"date":"2025-12-03T17:35:49","date_gmt":"2025-12-03T17:35:49","guid":{"rendered":"https:\/\/www.kosmetologiamagiczna.pl\/?page_id=4257"},"modified":"2025-12-31T19:34:19","modified_gmt":"2025-12-31T19:34:19","slug":"zabieg-lactobionique","status":"publish","type":"page","link":"http:\/\/www.kosmetologiamagiczna.pl\/index.php\/zabieg-lactobionique\/","title":{"rendered":"Zabieg Lactobionique"},"content":{"rendered":"\t\t<div data-elementor-type=\"wp-page\" data-elementor-id=\"4257\" class=\"elementor elementor-4257\">\n\t\t\t\t\t\t<section class=\"elementor-section elementor-top-section elementor-element elementor-element-b70a7f1 elementor-section-boxed elementor-section-height-default elementor-section-height-default\" data-id=\"b70a7f1\" data-element_type=\"section\" data-e-type=\"section\" data-settings=\"{&quot;background_background&quot;:&quot;classic&quot;}\">\n\t\t\t\t\t\t<div class=\"elementor-container elementor-column-gap-default\">\n\t\t\t\t\t<div class=\"elementor-column elementor-col-33 elementor-top-column elementor-element elementor-element-40110c2\" data-id=\"40110c2\" data-element_type=\"column\" data-e-type=\"column\">\n\t\t\t<div class=\"elementor-widget-wrap elementor-element-populated\">\n\t\t\t\t\t\t<div class=\"elementor-element elementor-element-9c0588d elementor-widget elementor-widget-spacer\" data-id=\"9c0588d\" data-element_type=\"widget\" data-e-type=\"widget\" data-widget_type=\"spacer.default\">\n\t\t\t\t\t\t\t<div class=\"elementor-spacer\">\n\t\t\t<div class=\"elementor-spacer-inner\"><\/div>\n\t\t<\/div>\n\t\t\t\t\t\t<\/div>\n\t\t\t\t<div class=\"elementor-element elementor-element-5615131 elementor-widget__width-initial elementor-widget elementor-widget-heading\" data-id=\"5615131\" data-element_type=\"widget\" data-e-type=\"widget\" data-widget_type=\"heading.default\">\n\t\t\t\t\t<h4 class=\"elementor-heading-title elementor-size-default\">Postaw na subtelne odnowienie!<\/h4>\t\t\t\t<\/div>\n\t\t\t\t<div class=\"elementor-element elementor-element-c35ed49 elementor-widget elementor-widget-text-editor\" data-id=\"c35ed49\" data-element_type=\"widget\" data-e-type=\"widget\" data-widget_type=\"text-editor.default\">\n\t\t\t\t\t\t\t\t\t<p>Poznaj <strong data-start=\"140\" data-end=\"157\" data-is-only-node=\"\">Lactobionique<\/strong> \u2013 zabieg, kt\u00f3ry gwarantuje efekt natychmiastowego roz\u015bwietlenia i jedwabistej g\u0142adko\u015bci! To idealna propozycja dla sk\u00f3ry wymagaj\u0105cej intensywnej regeneracji, nawil\u017cenia i widocznego \u201ewow\u201d. Dzi\u0119ki zaawansowanej formule z kwasem laktobionowym Twoja cera staje si\u0119 wyra\u017anie g\u0142adsza, ja\u015bniejsza i pe\u0142na energii.<\/p>\t\t\t\t\t\t\t\t<\/div>\n\t\t\t\t<div class=\"elementor-element elementor-element-6deb1c6 elementor-widget elementor-widget-spacer\" data-id=\"6deb1c6\" data-element_type=\"widget\" data-e-type=\"widget\" data-widget_type=\"spacer.default\">\n\t\t\t\t\t\t\t<div class=\"elementor-spacer\">\n\t\t\t<div class=\"elementor-spacer-inner\"><\/div>\n\t\t<\/div>\n\t\t\t\t\t\t<\/div>\n\t\t\t\t<div class=\"elementor-element elementor-element-a174ffb elementor-widget elementor-widget-heading\" data-id=\"a174ffb\" data-element_type=\"widget\" data-e-type=\"widget\" data-widget_type=\"heading.default\">\n\t\t\t\t\t<h5 class=\"elementor-heading-title elementor-size-default\">Zafunduj sk\u00f3rze zabieg, kt\u00f3ry naprawd\u0119 robi r\u00f3\u017cnic\u0119!<\/h5>\t\t\t\t<\/div>\n\t\t\t\t\t<\/div>\n\t\t<\/div>\n\t\t\t\t<div class=\"elementor-column elementor-col-33 elementor-top-column elementor-element elementor-element-e5486b4\" data-id=\"e5486b4\" data-element_type=\"column\" data-e-type=\"column\" data-settings=\"{&quot;background_background&quot;:&quot;classic&quot;}\">\n\t\t\t<div class=\"elementor-widget-wrap\">\n\t\t\t\t\t\t\t<\/div>\n\t\t<\/div>\n\t\t\t\t<div class=\"elementor-column elementor-col-33 elementor-top-column elementor-element elementor-element-04904ad\" data-id=\"04904ad\" data-element_type=\"column\" data-e-type=\"column\" data-settings=\"{&quot;background_background&quot;:&quot;classic&quot;}\">\n\t\t\t<div class=\"elementor-widget-wrap elementor-element-populated\">\n\t\t\t\t\t\t<div class=\"elementor-element elementor-element-a7c1594 elementor-widget elementor-widget-image\" data-id=\"a7c1594\" data-element_type=\"widget\" data-e-type=\"widget\" data-widget_type=\"image.default\">\n\t\t\t\t\t\t\t\t\t\t\t\t\t\t\t<img loading=\"lazy\" decoding=\"async\" width=\"676\" height=\"676\" src=\"http:\/\/www.kosmetologiamagiczna.pl\/wp-content\/uploads\/2020\/09\/img-134.jpg\" class=\"attachment-1536x1536 size-1536x1536 wp-image-2105\" alt=\"\" srcset=\"http:\/\/www.kosmetologiamagiczna.pl\/wp-content\/uploads\/2020\/09\/img-134.jpg 676w, http:\/\/www.kosmetologiamagiczna.pl\/wp-content\/uploads\/2020\/09\/img-134-400x400.jpg 400w, http:\/\/www.kosmetologiamagiczna.pl\/wp-content\/uploads\/2020\/09\/img-134-300x300.jpg 300w, http:\/\/www.kosmetologiamagiczna.pl\/wp-content\/uploads\/2020\/09\/img-134-150x150.jpg 150w, http:\/\/www.kosmetologiamagiczna.pl\/wp-content\/uploads\/2020\/09\/img-134-480x480.jpg 480w\" sizes=\"auto, (max-width: 676px) 100vw, 676px\" title=\"img-134\" \/>\t\t\t\t\t\t\t\t\t\t\t\t\t\t\t<\/div>\n\t\t\t\t\t<\/div>\n\t\t<\/div>\n\t\t\t\t\t<\/div>\n\t\t<\/section>\n\t\t\t\t<section class=\"elementor-section elementor-top-section elementor-element elementor-element-6b87d0a elementor-section-boxed elementor-section-height-default elementor-section-height-default\" data-id=\"6b87d0a\" data-element_type=\"section\" data-e-type=\"section\" data-settings=\"{&quot;background_background&quot;:&quot;classic&quot;}\">\n\t\t\t\t\t\t<div class=\"elementor-container elementor-column-gap-default\">\n\t\t\t\t\t<div class=\"elementor-column elementor-col-100 elementor-top-column elementor-element elementor-element-a308b56\" data-id=\"a308b56\" data-element_type=\"column\" data-e-type=\"column\">\n\t\t\t<div class=\"elementor-widget-wrap elementor-element-populated\">\n\t\t\t\t\t\t<div class=\"elementor-element elementor-element-a3a5cad elementor-widget elementor-widget-spacer\" data-id=\"a3a5cad\" data-element_type=\"widget\" data-e-type=\"widget\" data-widget_type=\"spacer.default\">\n\t\t\t\t\t\t\t<div class=\"elementor-spacer\">\n\t\t\t<div class=\"elementor-spacer-inner\"><\/div>\n\t\t<\/div>\n\t\t\t\t\t\t<\/div>\n\t\t\t\t<div class=\"elementor-element elementor-element-a33f914 elementor-widget elementor-widget-text-editor\" data-id=\"a33f914\" data-element_type=\"widget\" data-e-type=\"widget\" data-widget_type=\"text-editor.default\">\n\t\t\t\t\t\t\t\t\t<p><span style=\"font-weight: 900; color: #000080;\" class=\"gt3_font-weight\">T<\/span>h\u00e9o Marv\u00e9e Lactobionique \u2013 zabieg z u\u017cyciem kwasu laktobionowego,kt\u00f3ry ma na celu regeneracj\u0119, nawil\u017cenie i odm\u0142odzenie cery. Kwas laktobionowy dzia\u0142a silnie antyoksydacyjnie i przeciwzmarszczkowo, jest mniej dra\u017cni\u0105cy ni\u017c kwasy AHA, mo\u017ce by\u0107 stosowany latem i regeneruje sk\u00f3r\u0119 po zabiegach.<\/p>\t\t\t\t\t\t\t\t<\/div>\n\t\t\t\t<div class=\"elementor-element elementor-element-0e96bfd elementor-widget elementor-widget-text-editor\" data-id=\"0e96bfd\" data-element_type=\"widget\" data-e-type=\"widget\" data-widget_type=\"text-editor.default\">\n\t\t\t\t\t\t\t\t\t<p>Zabieg polecany do cery:<\/p>\t\t\t\t\t\t\t\t<\/div>\n\t\t\t\t<div class=\"elementor-element elementor-element-45127f6 elementor-widget elementor-widget-text-editor\" data-id=\"45127f6\" data-element_type=\"widget\" data-e-type=\"widget\" data-widget_type=\"text-editor.default\">\n\t\t\t\t\t\t\t\t\t<ul><li>wra\u017cliwej,<\/li><li>przesuszonej,<\/li><li>z tr\u0105dzikiem r\u00f3\u017cowatym,<\/li><li>podejrzeniem tr\u0105dziku r\u00f3\u017cowatego,<\/li><li>z atopowym zapaleniem sk\u00f3ry,<\/li><li>kobietom w ci\u0105\u017cy,<\/li><li>kobietom karmi\u0105cym piersi\u0105,<\/li><li>przy \u0142ojotokowym zapaleniu sk\u00f3ry,<\/li><li>w trakcie leczenia retinoidami i sterydami (zmniejsza uboczne skutki dzia\u0142ania w\/w lek\u00f3w).<\/li><\/ul>\t\t\t\t\t\t\t\t<\/div>\n\t\t\t\t<div class=\"elementor-element elementor-element-8bdeacf elementor-widget elementor-widget-spacer\" data-id=\"8bdeacf\" data-element_type=\"widget\" data-e-type=\"widget\" data-widget_type=\"spacer.default\">\n\t\t\t\t\t\t\t<div class=\"elementor-spacer\">\n\t\t\t<div class=\"elementor-spacer-inner\"><\/div>\n\t\t<\/div>\n\t\t\t\t\t\t<\/div>\n\t\t\t\t<div class=\"elementor-element elementor-element-d9a9b0e elementor-widget elementor-widget-text-editor\" data-id=\"d9a9b0e\" data-element_type=\"widget\" data-e-type=\"widget\" data-widget_type=\"text-editor.default\">\n\t\t\t\t\t\t\t\t\t<p>Zabieg z kompleksem kwasu laktobionowego i polisacharydami:<\/p>\t\t\t\t\t\t\t\t<\/div>\n\t\t\t\t<div class=\"elementor-element elementor-element-b2301c9 elementor-widget elementor-widget-text-editor\" data-id=\"b2301c9\" data-element_type=\"widget\" data-e-type=\"widget\" data-widget_type=\"text-editor.default\">\n\t\t\t\t\t\t\t\t\t<ul><li>wykazuje dzia\u0142anie \u0142agodz\u0105ce stany zapalne,<\/li><li>wi\u0105\u017ce wod\u0119 w nask\u00f3rku (dzia\u0142anie nawil\u017caj\u0105ce),<\/li><li>regeneruje,<\/li><li>hamuje aktywno\u015b\u0107 metaloproteinaz i posiada w\u0142a\u015bciwo\u015bci antyoksydacyjne czyli dzia\u0142a przeciwstarzeniowo (zapobiega tworzeniu si\u0119 nowych zmarszczek, rozszerzonych naczynek, blokuje mechanizmy odpowiadaj\u0105ce za wiotczenie sk\u00f3ry),<\/li><li>stymuluje syntez\u0119 kolagenu i elastyny.<\/li><\/ul>\t\t\t\t\t\t\t\t<\/div>\n\t\t\t\t<div class=\"elementor-element elementor-element-66a34e6 elementor-widget elementor-widget-spacer\" data-id=\"66a34e6\" data-element_type=\"widget\" data-e-type=\"widget\" data-widget_type=\"spacer.default\">\n\t\t\t\t\t\t\t<div class=\"elementor-spacer\">\n\t\t\t<div class=\"elementor-spacer-inner\"><\/div>\n\t\t<\/div>\n\t\t\t\t\t\t<\/div>\n\t\t\t\t<div class=\"elementor-element elementor-element-b5bb8d6 elementor-widget elementor-widget-text-editor\" data-id=\"b5bb8d6\" data-element_type=\"widget\" data-e-type=\"widget\" data-widget_type=\"text-editor.default\">\n\t\t\t\t\t\t\t\t\t<h5><strong>ZABIEG MO\u017bNA WYKONYWA\u0106 PRZEZ CA\u0141Y ROK<\/strong><\/h5>\t\t\t\t\t\t\t\t<\/div>\n\t\t\t\t\t<\/div>\n\t\t<\/div>\n\t\t\t\t\t<\/div>\n\t\t<\/section>\n\t\t\t\t<\/div>\n\t\t","protected":false},"excerpt":{"rendered":"<p>Postaw na subtelne odnowienie! Poznaj Lactobionique \u2013 zabieg, kt\u00f3ry gwarantuje efekt natychmiastowego roz\u015bwietlenia i jedwabistej g\u0142adko\u015bci! To idealna propozycja dla sk\u00f3ry wymagaj\u0105cej intensywnej regeneracji, nawil\u017cenia i widocznego \u201ewow\u201d. Dzi\u0119ki zaawansowanej formule z kwasem laktobionowym Twoja cera staje si\u0119 wyra\u017anie g\u0142adsza, ja\u015bniejsza i pe\u0142na energii. Zafunduj sk\u00f3rze zabieg, kt\u00f3ry naprawd\u0119 robi r\u00f3\u017cnic\u0119! Th\u00e9o Marv\u00e9e Lactobionique \u2013 [&hellip;]<\/p>\n","protected":false},"author":1,"featured_media":0,"parent":0,"menu_order":0,"comment_status":"closed","ping_status":"closed","template":"","meta":{"_kadence_starter_templates_imported_post":false,"footnotes":""},"class_list":["post-4257","page","type-page","status-publish","hentry"],"yoast_head":"<!-- This site is optimized with the Yoast SEO plugin v27.1.1 - https:\/\/yoast.com\/product\/yoast-seo-wordpress\/ -->\n<title>Zabieg Lactobionique - Kosmetologia Estetyczna MAGICZNA<\/title>\n<meta name=\"description\" content=\"Postaw na subtelne odnowienie! Poznaj Lactobionique \u2013 zabieg, kt\u00f3ry gwarantuje efekt natychmiastowego roz\u015bwietlenia i jedwabistej g\u0142adko\u015bci! To idealna propozycja dla sk\u00f3ry wymagaj\u0105cej intensywnej regeneracji, nawil\u017cenia i widocznego \u201ewow\u201d. Dzi\u0119ki zaawansowanej formule z kwasem laktobionowym Twoja cera staje si\u0119 wyra\u017anie g\u0142adsza, ja\u015bniejsza i pe\u0142na energii. Zafunduj sk\u00f3rze zabieg, kt\u00f3ry naprawd\u0119 robi r\u00f3\u017cnic\u0119!\" \/>\n<meta name=\"robots\" content=\"index, follow, max-snippet:-1, max-image-preview:large, max-video-preview:-1\" \/>\n<link rel=\"canonical\" href=\"http:\/\/www.kosmetologiamagiczna.pl\/index.php\/zabieg-lactobionique\/\" \/>\n<meta property=\"og:locale\" content=\"pl_PL\" \/>\n<meta property=\"og:type\" content=\"article\" \/>\n<meta property=\"og:title\" content=\"Zabieg Lactobionique - Kosmetologia Estetyczna MAGICZNA\" \/>\n<meta property=\"og:description\" content=\"Postaw na subtelne odnowienie! Poznaj Lactobionique \u2013 zabieg, kt\u00f3ry gwarantuje efekt natychmiastowego roz\u015bwietlenia i jedwabistej g\u0142adko\u015bci! To idealna propozycja dla sk\u00f3ry wymagaj\u0105cej intensywnej regeneracji, nawil\u017cenia i widocznego \u201ewow\u201d. Dzi\u0119ki zaawansowanej formule z kwasem laktobionowym Twoja cera staje si\u0119 wyra\u017anie g\u0142adsza, ja\u015bniejsza i pe\u0142na energii. Zafunduj sk\u00f3rze zabieg, kt\u00f3ry naprawd\u0119 robi r\u00f3\u017cnic\u0119!\" \/>\n<meta property=\"og:url\" content=\"http:\/\/www.kosmetologiamagiczna.pl\/index.php\/zabieg-lactobionique\/\" \/>\n<meta property=\"og:site_name\" content=\"Kosmetologia Estetyczna MAGICZNA\" \/>\n<meta property=\"article:publisher\" content=\"https:\/\/www.facebook.com\/KosmetologiaEstetycznaMAGICZNA\" \/>\n<meta property=\"article:modified_time\" content=\"2025-12-31T19:34:19+00:00\" \/>\n<meta property=\"og:image\" content=\"http:\/\/www.kosmetologiamagiczna.pl\/wp-content\/uploads\/2020\/09\/img-134.jpg\" \/>\n<meta name=\"twitter:card\" content=\"summary_large_image\" \/>\n<meta name=\"twitter:label1\" content=\"Szacowany czas czytania\" \/>\n\t<meta name=\"twitter:data1\" content=\"2 minuty\" \/>\n<script type=\"application\/ld+json\" class=\"yoast-schema-graph\">{\"@context\":\"https:\/\/schema.org\",\"@graph\":[{\"@type\":\"WebPage\",\"@id\":\"http:\/\/www.kosmetologiamagiczna.pl\/index.php\/zabieg-lactobionique\/\",\"url\":\"http:\/\/www.kosmetologiamagiczna.pl\/index.php\/zabieg-lactobionique\/\",\"name\":\"Zabieg Lactobionique - Kosmetologia Estetyczna MAGICZNA\",\"isPartOf\":{\"@id\":\"https:\/\/www.kosmetologiamagiczna.pl\/#website\"},\"primaryImageOfPage\":{\"@id\":\"http:\/\/www.kosmetologiamagiczna.pl\/index.php\/zabieg-lactobionique\/#primaryimage\"},\"image\":{\"@id\":\"http:\/\/www.kosmetologiamagiczna.pl\/index.php\/zabieg-lactobionique\/#primaryimage\"},\"thumbnailUrl\":\"http:\/\/www.kosmetologiamagiczna.pl\/wp-content\/uploads\/2020\/09\/img-134.jpg\",\"datePublished\":\"2025-12-03T17:35:49+00:00\",\"dateModified\":\"2025-12-31T19:34:19+00:00\",\"description\":\"Postaw na subtelne odnowienie! Poznaj Lactobionique \u2013 zabieg, kt\u00f3ry gwarantuje efekt natychmiastowego roz\u015bwietlenia i jedwabistej g\u0142adko\u015bci! To idealna propozycja dla sk\u00f3ry wymagaj\u0105cej intensywnej regeneracji, nawil\u017cenia i widocznego \u201ewow\u201d. Dzi\u0119ki zaawansowanej formule z kwasem laktobionowym Twoja cera staje si\u0119 wyra\u017anie g\u0142adsza, ja\u015bniejsza i pe\u0142na energii. Zafunduj sk\u00f3rze zabieg, kt\u00f3ry naprawd\u0119 robi r\u00f3\u017cnic\u0119!\",\"breadcrumb\":{\"@id\":\"http:\/\/www.kosmetologiamagiczna.pl\/index.php\/zabieg-lactobionique\/#breadcrumb\"},\"inLanguage\":\"pl-PL\",\"potentialAction\":[{\"@type\":\"ReadAction\",\"target\":[\"http:\/\/www.kosmetologiamagiczna.pl\/index.php\/zabieg-lactobionique\/\"]}]},{\"@type\":\"ImageObject\",\"inLanguage\":\"pl-PL\",\"@id\":\"http:\/\/www.kosmetologiamagiczna.pl\/index.php\/zabieg-lactobionique\/#primaryimage\",\"url\":\"http:\/\/www.kosmetologiamagiczna.pl\/wp-content\/uploads\/2020\/09\/img-134.jpg\",\"contentUrl\":\"http:\/\/www.kosmetologiamagiczna.pl\/wp-content\/uploads\/2020\/09\/img-134.jpg\"},{\"@type\":\"BreadcrumbList\",\"@id\":\"http:\/\/www.kosmetologiamagiczna.pl\/index.php\/zabieg-lactobionique\/#breadcrumb\",\"itemListElement\":[{\"@type\":\"ListItem\",\"position\":1,\"name\":\"Strona g\u0142\u00f3wna\",\"item\":\"https:\/\/www.kosmetologiamagiczna.pl\/\"},{\"@type\":\"ListItem\",\"position\":2,\"name\":\"Zabieg Lactobionique\"}]},{\"@type\":\"WebSite\",\"@id\":\"https:\/\/www.kosmetologiamagiczna.pl\/#website\",\"url\":\"https:\/\/www.kosmetologiamagiczna.pl\/\",\"name\":\"Kosmetologia Estetyczna MAGICZNA\",\"description\":\"Pi\u0119kno, kt\u00f3re podkre\u015bla Twoj\u0105 naturalno\u015b\u0107.\",\"publisher\":{\"@id\":\"https:\/\/www.kosmetologiamagiczna.pl\/#organization\"},\"potentialAction\":[{\"@type\":\"SearchAction\",\"target\":{\"@type\":\"EntryPoint\",\"urlTemplate\":\"https:\/\/www.kosmetologiamagiczna.pl\/?s={search_term_string}\"},\"query-input\":{\"@type\":\"PropertyValueSpecification\",\"valueRequired\":true,\"valueName\":\"search_term_string\"}}],\"inLanguage\":\"pl-PL\"},{\"@type\":\"Organization\",\"@id\":\"https:\/\/www.kosmetologiamagiczna.pl\/#organization\",\"name\":\"Kosmetologia Estetyczna MAGICZNA\",\"url\":\"https:\/\/www.kosmetologiamagiczna.pl\/\",\"logo\":{\"@type\":\"ImageObject\",\"inLanguage\":\"pl-PL\",\"@id\":\"https:\/\/www.kosmetologiamagiczna.pl\/#\/schema\/logo\/image\/\",\"url\":\"http:\/\/www.kosmetologiamagiczna.pl\/wp-content\/uploads\/2025\/11\/cropped-logoAnkaCorel18.png\",\"contentUrl\":\"http:\/\/www.kosmetologiamagiczna.pl\/wp-content\/uploads\/2025\/11\/cropped-logoAnkaCorel18.png\",\"width\":512,\"height\":512,\"caption\":\"Kosmetologia Estetyczna MAGICZNA\"},\"image\":{\"@id\":\"https:\/\/www.kosmetologiamagiczna.pl\/#\/schema\/logo\/image\/\"},\"sameAs\":[\"https:\/\/www.facebook.com\/KosmetologiaEstetycznaMAGICZNA\"]}]}<\/script>\n<!-- \/ Yoast SEO plugin. -->","yoast_head_json":{"title":"Zabieg Lactobionique - Kosmetologia Estetyczna MAGICZNA","description":"Postaw na subtelne odnowienie! Poznaj Lactobionique \u2013 zabieg, kt\u00f3ry gwarantuje efekt natychmiastowego roz\u015bwietlenia i jedwabistej g\u0142adko\u015bci! To idealna propozycja dla sk\u00f3ry wymagaj\u0105cej intensywnej regeneracji, nawil\u017cenia i widocznego \u201ewow\u201d. Dzi\u0119ki zaawansowanej formule z kwasem laktobionowym Twoja cera staje si\u0119 wyra\u017anie g\u0142adsza, ja\u015bniejsza i pe\u0142na energii. Zafunduj sk\u00f3rze zabieg, kt\u00f3ry naprawd\u0119 robi r\u00f3\u017cnic\u0119!","robots":{"index":"index","follow":"follow","max-snippet":"max-snippet:-1","max-image-preview":"max-image-preview:large","max-video-preview":"max-video-preview:-1"},"canonical":"http:\/\/www.kosmetologiamagiczna.pl\/index.php\/zabieg-lactobionique\/","og_locale":"pl_PL","og_type":"article","og_title":"Zabieg Lactobionique - Kosmetologia Estetyczna MAGICZNA","og_description":"Postaw na subtelne odnowienie! Poznaj Lactobionique \u2013 zabieg, kt\u00f3ry gwarantuje efekt natychmiastowego roz\u015bwietlenia i jedwabistej g\u0142adko\u015bci! To idealna propozycja dla sk\u00f3ry wymagaj\u0105cej intensywnej regeneracji, nawil\u017cenia i widocznego \u201ewow\u201d. Dzi\u0119ki zaawansowanej formule z kwasem laktobionowym Twoja cera staje si\u0119 wyra\u017anie g\u0142adsza, ja\u015bniejsza i pe\u0142na energii. Zafunduj sk\u00f3rze zabieg, kt\u00f3ry naprawd\u0119 robi r\u00f3\u017cnic\u0119!","og_url":"http:\/\/www.kosmetologiamagiczna.pl\/index.php\/zabieg-lactobionique\/","og_site_name":"Kosmetologia Estetyczna MAGICZNA","article_publisher":"https:\/\/www.facebook.com\/KosmetologiaEstetycznaMAGICZNA","article_modified_time":"2025-12-31T19:34:19+00:00","og_image":[{"url":"http:\/\/www.kosmetologiamagiczna.pl\/wp-content\/uploads\/2020\/09\/img-134.jpg","type":"","width":"","height":""}],"twitter_card":"summary_large_image","twitter_misc":{"Szacowany czas czytania":"2 minuty"},"schema":{"@context":"https:\/\/schema.org","@graph":[{"@type":"WebPage","@id":"http:\/\/www.kosmetologiamagiczna.pl\/index.php\/zabieg-lactobionique\/","url":"http:\/\/www.kosmetologiamagiczna.pl\/index.php\/zabieg-lactobionique\/","name":"Zabieg Lactobionique - Kosmetologia Estetyczna MAGICZNA","isPartOf":{"@id":"https:\/\/www.kosmetologiamagiczna.pl\/#website"},"primaryImageOfPage":{"@id":"http:\/\/www.kosmetologiamagiczna.pl\/index.php\/zabieg-lactobionique\/#primaryimage"},"image":{"@id":"http:\/\/www.kosmetologiamagiczna.pl\/index.php\/zabieg-lactobionique\/#primaryimage"},"thumbnailUrl":"http:\/\/www.kosmetologiamagiczna.pl\/wp-content\/uploads\/2020\/09\/img-134.jpg","datePublished":"2025-12-03T17:35:49+00:00","dateModified":"2025-12-31T19:34:19+00:00","description":"Postaw na subtelne odnowienie! Poznaj Lactobionique \u2013 zabieg, kt\u00f3ry gwarantuje efekt natychmiastowego roz\u015bwietlenia i jedwabistej g\u0142adko\u015bci! To idealna propozycja dla sk\u00f3ry wymagaj\u0105cej intensywnej regeneracji, nawil\u017cenia i widocznego \u201ewow\u201d. Dzi\u0119ki zaawansowanej formule z kwasem laktobionowym Twoja cera staje si\u0119 wyra\u017anie g\u0142adsza, ja\u015bniejsza i pe\u0142na energii. Zafunduj sk\u00f3rze zabieg, kt\u00f3ry naprawd\u0119 robi r\u00f3\u017cnic\u0119!","breadcrumb":{"@id":"http:\/\/www.kosmetologiamagiczna.pl\/index.php\/zabieg-lactobionique\/#breadcrumb"},"inLanguage":"pl-PL","potentialAction":[{"@type":"ReadAction","target":["http:\/\/www.kosmetologiamagiczna.pl\/index.php\/zabieg-lactobionique\/"]}]},{"@type":"ImageObject","inLanguage":"pl-PL","@id":"http:\/\/www.kosmetologiamagiczna.pl\/index.php\/zabieg-lactobionique\/#primaryimage","url":"http:\/\/www.kosmetologiamagiczna.pl\/wp-content\/uploads\/2020\/09\/img-134.jpg","contentUrl":"http:\/\/www.kosmetologiamagiczna.pl\/wp-content\/uploads\/2020\/09\/img-134.jpg"},{"@type":"BreadcrumbList","@id":"http:\/\/www.kosmetologiamagiczna.pl\/index.php\/zabieg-lactobionique\/#breadcrumb","itemListElement":[{"@type":"ListItem","position":1,"name":"Strona g\u0142\u00f3wna","item":"https:\/\/www.kosmetologiamagiczna.pl\/"},{"@type":"ListItem","position":2,"name":"Zabieg Lactobionique"}]},{"@type":"WebSite","@id":"https:\/\/www.kosmetologiamagiczna.pl\/#website","url":"https:\/\/www.kosmetologiamagiczna.pl\/","name":"Kosmetologia Estetyczna MAGICZNA","description":"Pi\u0119kno, kt\u00f3re podkre\u015bla Twoj\u0105 naturalno\u015b\u0107.","publisher":{"@id":"https:\/\/www.kosmetologiamagiczna.pl\/#organization"},"potentialAction":[{"@type":"SearchAction","target":{"@type":"EntryPoint","urlTemplate":"https:\/\/www.kosmetologiamagiczna.pl\/?s={search_term_string}"},"query-input":{"@type":"PropertyValueSpecification","valueRequired":true,"valueName":"search_term_string"}}],"inLanguage":"pl-PL"},{"@type":"Organization","@id":"https:\/\/www.kosmetologiamagiczna.pl\/#organization","name":"Kosmetologia Estetyczna MAGICZNA","url":"https:\/\/www.kosmetologiamagiczna.pl\/","logo":{"@type":"ImageObject","inLanguage":"pl-PL","@id":"https:\/\/www.kosmetologiamagiczna.pl\/#\/schema\/logo\/image\/","url":"http:\/\/www.kosmetologiamagiczna.pl\/wp-content\/uploads\/2025\/11\/cropped-logoAnkaCorel18.png","contentUrl":"http:\/\/www.kosmetologiamagiczna.pl\/wp-content\/uploads\/2025\/11\/cropped-logoAnkaCorel18.png","width":512,"height":512,"caption":"Kosmetologia Estetyczna MAGICZNA"},"image":{"@id":"https:\/\/www.kosmetologiamagiczna.pl\/#\/schema\/logo\/image\/"},"sameAs":["https:\/\/www.facebook.com\/KosmetologiaEstetycznaMAGICZNA"]}]}},"_links":{"self":[{"href":"http:\/\/www.kosmetologiamagiczna.pl\/index.php\/wp-json\/wp\/v2\/pages\/4257","targetHints":{"allow":["GET"]}}],"collection":[{"href":"http:\/\/www.kosmetologiamagiczna.pl\/index.php\/wp-json\/wp\/v2\/pages"}],"about":[{"href":"http:\/\/www.kosmetologiamagiczna.pl\/index.php\/wp-json\/wp\/v2\/types\/page"}],"author":[{"embeddable":true,"href":"http:\/\/www.kosmetologiamagiczna.pl\/index.php\/wp-json\/wp\/v2\/users\/1"}],"replies":[{"embeddable":true,"href":"http:\/\/www.kosmetologiamagiczna.pl\/index.php\/wp-json\/wp\/v2\/comments?post=4257"}],"version-history":[{"count":13,"href":"http:\/\/www.kosmetologiamagiczna.pl\/index.php\/wp-json\/wp\/v2\/pages\/4257\/revisions"}],"predecessor-version":[{"id":5069,"href":"http:\/\/www.kosmetologiamagiczna.pl\/index.php\/wp-json\/wp\/v2\/pages\/4257\/revisions\/5069"}],"wp:attachment":[{"href":"http:\/\/www.kosmetologiamagiczna.pl\/index.php\/wp-json\/wp\/v2\/media?parent=4257"}],"curies":[{"name":"wp","href":"https:\/\/api.w.org\/{rel}","templated":true}]}}