{"id":4549,"date":"2025-12-13T20:20:10","date_gmt":"2025-12-13T20:20:10","guid":{"rendered":"https:\/\/www.kosmetologiamagiczna.pl\/?page_id=4549"},"modified":"2025-12-31T19:32:58","modified_gmt":"2025-12-31T19:32:58","slug":"usuwanie-zmian-skornych","status":"publish","type":"page","link":"http:\/\/www.kosmetologiamagiczna.pl\/index.php\/usuwanie-zmian-skornych\/","title":{"rendered":"Usuwanie zmian sk\u00f3rnych"},"content":{"rendered":"\t\t<div data-elementor-type=\"wp-page\" data-elementor-id=\"4549\" class=\"elementor elementor-4549\">\n\t\t\t\t\t\t<section class=\"elementor-section elementor-top-section elementor-element elementor-element-b70a7f1 elementor-section-boxed elementor-section-height-default elementor-section-height-default\" data-id=\"b70a7f1\" data-element_type=\"section\" data-e-type=\"section\" data-settings=\"{&quot;background_background&quot;:&quot;classic&quot;}\">\n\t\t\t\t\t\t<div class=\"elementor-container elementor-column-gap-default\">\n\t\t\t\t\t<div class=\"elementor-column elementor-col-33 elementor-top-column elementor-element elementor-element-40110c2\" data-id=\"40110c2\" data-element_type=\"column\" data-e-type=\"column\">\n\t\t\t<div class=\"elementor-widget-wrap elementor-element-populated\">\n\t\t\t\t\t\t<div class=\"elementor-element elementor-element-9c0588d elementor-widget elementor-widget-spacer\" data-id=\"9c0588d\" data-element_type=\"widget\" data-e-type=\"widget\" data-widget_type=\"spacer.default\">\n\t\t\t\t\t\t\t<div class=\"elementor-spacer\">\n\t\t\t<div class=\"elementor-spacer-inner\"><\/div>\n\t\t<\/div>\n\t\t\t\t\t\t<\/div>\n\t\t\t\t<div class=\"elementor-element elementor-element-5615131 elementor-widget__width-initial elementor-widget elementor-widget-heading\" data-id=\"5615131\" data-element_type=\"widget\" data-e-type=\"widget\" data-widget_type=\"heading.default\">\n\t\t\t\t\t<h4 class=\"elementor-heading-title elementor-size-default\">Nowoczesne usuwanie zmian sk\u00f3rnych \u2013 radiotermoliza TERMOCELL<\/h4>\t\t\t\t<\/div>\n\t\t\t\t<div class=\"elementor-element elementor-element-c35ed49 elementor-widget elementor-widget-text-editor\" data-id=\"c35ed49\" data-element_type=\"widget\" data-e-type=\"widget\" data-widget_type=\"text-editor.default\">\n\t\t\t\t\t\t\t\t\t<p>Pozb\u0105d\u017a si\u0119 niechcianych zmian sk\u00f3rnych w bezpieczny, szybki i ma\u0142o inwazyjny spos\u00f3b. Radiotermoliza <strong data-start=\"168\" data-end=\"181\">TERMOCELL<\/strong> to innowacyjna metoda wykorzystuj\u0105ca fale radiowe o wysokiej cz\u0119stotliwo\u015bci, kt\u00f3ra umo\u017cliwia precyzyjne usuwanie takich zmian jak brodawki, w\u0142\u00f3kniaki czy drobne znamiona \u2013 bez u\u017cycia skalpela.<\/p>\t\t\t\t\t\t\t\t<\/div>\n\t\t\t\t<div class=\"elementor-element elementor-element-6deb1c6 elementor-widget elementor-widget-spacer\" data-id=\"6deb1c6\" data-element_type=\"widget\" data-e-type=\"widget\" data-widget_type=\"spacer.default\">\n\t\t\t\t\t\t\t<div class=\"elementor-spacer\">\n\t\t\t<div class=\"elementor-spacer-inner\"><\/div>\n\t\t<\/div>\n\t\t\t\t\t\t<\/div>\n\t\t\t\t<div class=\"elementor-element elementor-element-a174ffb elementor-widget elementor-widget-heading\" data-id=\"a174ffb\" data-element_type=\"widget\" data-e-type=\"widget\" data-widget_type=\"heading.default\">\n\t\t\t\t\t<h5 class=\"elementor-heading-title elementor-size-default\">Zaufaj nowoczesnej kosmetologii i odzyskaj g\u0142adk\u0105, zdrowo wygl\u0105daj\u0105c\u0105 sk\u00f3r\u0119. Um\u00f3w si\u0119 na konsultacj\u0119 i przekonaj si\u0119, jak skuteczna mo\u017ce by\u0107 radiotermoliza.<\/h5>\t\t\t\t<\/div>\n\t\t\t\t\t<\/div>\n\t\t<\/div>\n\t\t\t\t<div class=\"elementor-column elementor-col-33 elementor-top-column elementor-element elementor-element-e5486b4\" data-id=\"e5486b4\" data-element_type=\"column\" data-e-type=\"column\" data-settings=\"{&quot;background_background&quot;:&quot;classic&quot;}\">\n\t\t\t<div class=\"elementor-widget-wrap\">\n\t\t\t\t\t\t\t<\/div>\n\t\t<\/div>\n\t\t\t\t<div class=\"elementor-column elementor-col-33 elementor-top-column elementor-element elementor-element-04904ad\" data-id=\"04904ad\" data-element_type=\"column\" data-e-type=\"column\" data-settings=\"{&quot;background_background&quot;:&quot;classic&quot;}\">\n\t\t\t<div class=\"elementor-widget-wrap elementor-element-populated\">\n\t\t\t\t\t\t<div class=\"elementor-element elementor-element-a7c1594 elementor-widget elementor-widget-image\" data-id=\"a7c1594\" data-element_type=\"widget\" data-e-type=\"widget\" data-widget_type=\"image.default\">\n\t\t\t\t\t\t\t\t\t\t\t\t\t\t\t<img loading=\"lazy\" decoding=\"async\" width=\"828\" height=\"828\" src=\"http:\/\/www.kosmetologiamagiczna.pl\/wp-content\/uploads\/2020\/08\/usuwanie-zmian.png\" class=\"attachment-1536x1536 size-1536x1536 wp-image-4527\" alt=\"\" srcset=\"http:\/\/www.kosmetologiamagiczna.pl\/wp-content\/uploads\/2020\/08\/usuwanie-zmian.png 828w, http:\/\/www.kosmetologiamagiczna.pl\/wp-content\/uploads\/2020\/08\/usuwanie-zmian-300x300.png 300w, http:\/\/www.kosmetologiamagiczna.pl\/wp-content\/uploads\/2020\/08\/usuwanie-zmian-150x150.png 150w, http:\/\/www.kosmetologiamagiczna.pl\/wp-content\/uploads\/2020\/08\/usuwanie-zmian-768x768.png 768w, http:\/\/www.kosmetologiamagiczna.pl\/wp-content\/uploads\/2020\/08\/usuwanie-zmian-480x480.png 480w\" sizes=\"auto, (max-width: 828px) 100vw, 828px\" title=\"usuwanie zmian\" \/>\t\t\t\t\t\t\t\t\t\t\t\t\t\t\t<\/div>\n\t\t\t\t\t<\/div>\n\t\t<\/div>\n\t\t\t\t\t<\/div>\n\t\t<\/section>\n\t\t\t\t<section class=\"elementor-section elementor-top-section elementor-element elementor-element-6b87d0a elementor-section-boxed elementor-section-height-default elementor-section-height-default\" data-id=\"6b87d0a\" data-element_type=\"section\" data-e-type=\"section\" data-settings=\"{&quot;background_background&quot;:&quot;classic&quot;}\">\n\t\t\t\t\t\t<div class=\"elementor-container elementor-column-gap-default\">\n\t\t\t\t\t<div class=\"elementor-column elementor-col-100 elementor-top-column elementor-element elementor-element-a308b56\" data-id=\"a308b56\" data-element_type=\"column\" data-e-type=\"column\">\n\t\t\t<div class=\"elementor-widget-wrap elementor-element-populated\">\n\t\t\t\t\t\t<div class=\"elementor-element elementor-element-a3a5cad elementor-widget elementor-widget-spacer\" data-id=\"a3a5cad\" data-element_type=\"widget\" data-e-type=\"widget\" data-widget_type=\"spacer.default\">\n\t\t\t\t\t\t\t<div class=\"elementor-spacer\">\n\t\t\t<div class=\"elementor-spacer-inner\"><\/div>\n\t\t<\/div>\n\t\t\t\t\t\t<\/div>\n\t\t\t\t<div class=\"elementor-element elementor-element-a33f914 elementor-widget elementor-widget-text-editor\" data-id=\"a33f914\" data-element_type=\"widget\" data-e-type=\"widget\" data-widget_type=\"text-editor.default\">\n\t\t\t\t\t\t\t\t\t<p><span style=\"font-weight: 900; color: #000080;\" class=\"gt3_font-weight\">R<\/span>adiotermoliza to nowoczesna, ma\u0142oinwazyjna metoda usuwania \u0142agodnych zmian sk\u00f3rnych z wykorzystaniem fal radiowych o wysokiej cz\u0119stotliwo\u015bci. Energia fal powoduje kontrolowane podgrzanie i precyzyjne odparowanie zmienionej tkanki, bez naruszania struktur otaczaj\u0105cej, zdrowej sk\u00f3ry. Dzi\u0119ki temu zabieg cechuje si\u0119 wysok\u0105 skuteczno\u015bci\u0105 oraz bardzo dobrym efektem estetycznym.<\/p>\t\t\t\t\t\t\t\t<\/div>\n\t\t\t\t<div class=\"elementor-element elementor-element-d002019 elementor-widget elementor-widget-text-editor\" data-id=\"d002019\" data-element_type=\"widget\" data-e-type=\"widget\" data-widget_type=\"text-editor.default\">\n\t\t\t\t\t\t\t\t\t<p>Radiotermoliza charakteryzuje si\u0119 kr\u00f3tkim czasem trwania, minimalnym dyskomfortem oraz niewielkim ryzykiem powik\u0142a\u0144. W por\u00f3wnaniu do metod chirurgicznych zabieg nie wymaga szycia, a proces gojenia przebiega szybko i zazwyczaj bez powstawania blizn. Miejsce zabiegowe ulega stopniowej regeneracji, przy zachowaniu naturalnego kolorytu i struktury sk\u00f3ry.<\/p>\t\t\t\t\t\t\t\t<\/div>\n\t\t\t\t<div class=\"elementor-element elementor-element-5afb925 elementor-widget elementor-widget-spacer\" data-id=\"5afb925\" data-element_type=\"widget\" data-e-type=\"widget\" data-widget_type=\"spacer.default\">\n\t\t\t\t\t\t\t<div class=\"elementor-spacer\">\n\t\t\t<div class=\"elementor-spacer-inner\"><\/div>\n\t\t<\/div>\n\t\t\t\t\t\t<\/div>\n\t\t\t\t<div class=\"elementor-element elementor-element-4f41fcd elementor-widget elementor-widget-text-editor\" data-id=\"4f41fcd\" data-element_type=\"widget\" data-e-type=\"widget\" data-widget_type=\"text-editor.default\">\n\t\t\t\t\t\t\t\t\t<p>Zabieg jest dobrze tolerowany przez pacjent\u00f3w i mo\u017ce by\u0107 stosowany na r\u00f3\u017cnych obszarach cia\u0142a, r\u00f3wnie\u017c w miejscach wymagaj\u0105cych szczeg\u00f3lnej precyzji. Radiotermoliza stanowi skuteczn\u0105 i bezpieczn\u0105 alternatyw\u0119 dla tradycyjnych metod usuwania zmian sk\u00f3rnych, \u0142\u0105cz\u0105c nowoczesn\u0105 technologi\u0119 z wysokimi standardami medycznymi.<\/p>\t\t\t\t\t\t\t\t<\/div>\n\t\t\t\t<div class=\"elementor-element elementor-element-d41628f elementor-widget elementor-widget-spacer\" data-id=\"d41628f\" data-element_type=\"widget\" data-e-type=\"widget\" data-widget_type=\"spacer.default\">\n\t\t\t\t\t\t\t<div class=\"elementor-spacer\">\n\t\t\t<div class=\"elementor-spacer-inner\"><\/div>\n\t\t<\/div>\n\t\t\t\t\t\t<\/div>\n\t\t\t\t<div class=\"elementor-element elementor-element-fecf03d elementor-widget elementor-widget-text-editor\" data-id=\"fecf03d\" data-element_type=\"widget\" data-e-type=\"widget\" data-widget_type=\"text-editor.default\">\n\t\t\t\t\t\t\t\t\t<p>Zabieg radiotermolizy znajduje zastosowanie w usuwaniu \u0142agodnych zmian sk\u00f3rnych, w szczeg\u00f3lno\u015bci takich jak:<\/p>\t\t\t\t\t\t\t\t<\/div>\n\t\t\t\t<div class=\"elementor-element elementor-element-ed40148 elementor-widget__width-initial elementor-widget elementor-widget-text-editor\" data-id=\"ed40148\" data-element_type=\"widget\" data-e-type=\"widget\" data-widget_type=\"text-editor.default\">\n\t\t\t\t\t\t\t\t\t<ul><li>brodawki wirusowe i starcze,<\/li><li>w\u0142\u00f3kniaki mi\u0119kkie,<\/li><li>znamiona nask\u00f3rkowe (po wcze\u015bniejszej kwalifikacji),<\/li><li>prosaki,<\/li><li>kaszaki (w wybranych przypadkach),<\/li><li>drobne zmiany przerostowe sk\u00f3ry,<\/li><li>nieestetyczne zmiany sk\u00f3rne powoduj\u0105ce dyskomfort estetyczny lub mechaniczny.<\/li><\/ul>\t\t\t\t\t\t\t\t<\/div>\n\t\t\t\t<div class=\"elementor-element elementor-element-db2c6cb elementor-widget elementor-widget-spacer\" data-id=\"db2c6cb\" data-element_type=\"widget\" data-e-type=\"widget\" data-widget_type=\"spacer.default\">\n\t\t\t\t\t\t\t<div class=\"elementor-spacer\">\n\t\t\t<div class=\"elementor-spacer-inner\"><\/div>\n\t\t<\/div>\n\t\t\t\t\t\t<\/div>\n\t\t\t\t<div class=\"elementor-element elementor-element-7746cf8 elementor-widget elementor-widget-text-editor\" data-id=\"7746cf8\" data-element_type=\"widget\" data-e-type=\"widget\" data-widget_type=\"text-editor.default\">\n\t\t\t\t\t\t\t\t\t<p>Radiotermoliza jest rekomendowana pacjentom poszukuj\u0105cym precyzyjnej, ma\u0142oinwazyjnej metody usuni\u0119cia zmian sk\u00f3rnych z zachowaniem dobrego efektu estetycznego oraz kr\u00f3tkiego czasu rekonwalescencji.<\/p>\t\t\t\t\t\t\t\t<\/div>\n\t\t\t\t<div class=\"elementor-element elementor-element-0d7b6c3 elementor-widget elementor-widget-spacer\" data-id=\"0d7b6c3\" data-element_type=\"widget\" data-e-type=\"widget\" data-widget_type=\"spacer.default\">\n\t\t\t\t\t\t\t<div class=\"elementor-spacer\">\n\t\t\t<div class=\"elementor-spacer-inner\"><\/div>\n\t\t<\/div>\n\t\t\t\t\t\t<\/div>\n\t\t\t\t<div class=\"elementor-element elementor-element-14073e1 elementor-widget elementor-widget-text-editor\" data-id=\"14073e1\" data-element_type=\"widget\" data-e-type=\"widget\" data-widget_type=\"text-editor.default\">\n\t\t\t\t\t\t\t\t\t<p><span style=\"color: #ff0000;\">Przeciwwskazania do zabiegu radiotermolizy:<\/span><\/p>\t\t\t\t\t\t\t\t<\/div>\n\t\t\t\t<div class=\"elementor-element elementor-element-96029ce elementor-widget__width-initial elementor-widget elementor-widget-text-editor\" data-id=\"96029ce\" data-element_type=\"widget\" data-e-type=\"widget\" data-widget_type=\"text-editor.default\">\n\t\t\t\t\t\t\t\t\t<ul><li><span style=\"color: #ff0000;\">podejrzenie zmiany nowotworowej lub zmiany o nieustalonej etiologii,<\/span><\/li><li><span style=\"color: #ff0000;\">aktywne infekcje sk\u00f3rne w miejscu zabiegu (bakteryjne, wirusowe, grzybicze),<\/span><\/li><li><span style=\"color: #ff0000;\">stany zapalne sk\u00f3ry w obszarze zabiegowym,<\/span><\/li><li><span style=\"color: #ff0000;\">zaburzenia krzepni\u0119cia krwi,<\/span><\/li><li><span style=\"color: #ff0000;\">stosowanie lek\u00f3w przeciwzakrzepowych (po konsultacji),<\/span><\/li><li><span style=\"color: #ff0000;\">ci\u0105\u017ca i okres karmienia piersi\u0105,<\/span><\/li><li><span style=\"color: #ff0000;\">obecno\u015b\u0107 rozrusznika serca lub innych implant\u00f3w elektronicznych,<\/span><\/li><li><span style=\"color: #ff0000;\">sk\u0142onno\u015b\u0107 do powstawania blizn przerostowych i keloid\u00f3w,<\/span><\/li><li><span style=\"color: #ff0000;\">nieuregulowana cukrzyca.<\/span><\/li><\/ul>\t\t\t\t\t\t\t\t<\/div>\n\t\t\t\t\t<\/div>\n\t\t<\/div>\n\t\t\t\t\t<\/div>\n\t\t<\/section>\n\t\t\t\t<\/div>\n\t\t","protected":false},"excerpt":{"rendered":"<p>Nowoczesne usuwanie zmian sk\u00f3rnych \u2013 radiotermoliza TERMOCELL Pozb\u0105d\u017a si\u0119 niechcianych zmian sk\u00f3rnych w bezpieczny, szybki i ma\u0142o inwazyjny spos\u00f3b. Radiotermoliza TERMOCELL to innowacyjna metoda wykorzystuj\u0105ca fale radiowe o wysokiej cz\u0119stotliwo\u015bci, kt\u00f3ra umo\u017cliwia precyzyjne usuwanie takich zmian jak brodawki, w\u0142\u00f3kniaki czy drobne znamiona \u2013 bez u\u017cycia skalpela. Zaufaj nowoczesnej kosmetologii i odzyskaj g\u0142adk\u0105, zdrowo wygl\u0105daj\u0105c\u0105 sk\u00f3r\u0119. [&hellip;]<\/p>\n","protected":false},"author":1,"featured_media":0,"parent":0,"menu_order":0,"comment_status":"closed","ping_status":"closed","template":"","meta":{"_kadence_starter_templates_imported_post":false,"footnotes":""},"class_list":["post-4549","page","type-page","status-publish","hentry"],"yoast_head":"<!-- This site is optimized with the Yoast SEO plugin v27.1.1 - https:\/\/yoast.com\/product\/yoast-seo-wordpress\/ -->\n<title>Usuwanie zmian sk\u00f3rnych - Kosmetologia Estetyczna MAGICZNA<\/title>\n<meta name=\"description\" content=\"Nowoczesne usuwanie zmian sk\u00f3rnych \u2013 radiotermoliza TERMOCELLPozb\u0105d\u017a si\u0119 niechcianych zmian sk\u00f3rnych w bezpieczny, szybki i ma\u0142o inwazyjny spos\u00f3b. Radiotermoliza TERMOCELL to innowacyjna metoda wykorzystuj\u0105ca fale radiowe o wysokiej cz\u0119stotliwo\u015bci, kt\u00f3ra umo\u017cliwia precyzyjne usuwanie takich zmian jak brodawki, w\u0142\u00f3kniaki czy drobne znamiona \u2013 bez u\u017cycia skalpela.\" \/>\n<meta name=\"robots\" content=\"index, follow, max-snippet:-1, max-image-preview:large, max-video-preview:-1\" \/>\n<link rel=\"canonical\" href=\"http:\/\/www.kosmetologiamagiczna.pl\/index.php\/usuwanie-zmian-skornych\/\" \/>\n<meta property=\"og:locale\" content=\"pl_PL\" \/>\n<meta property=\"og:type\" content=\"article\" \/>\n<meta property=\"og:title\" content=\"Usuwanie zmian sk\u00f3rnych - Kosmetologia Estetyczna MAGICZNA\" \/>\n<meta property=\"og:description\" content=\"Nowoczesne usuwanie zmian sk\u00f3rnych \u2013 radiotermoliza TERMOCELLPozb\u0105d\u017a si\u0119 niechcianych zmian sk\u00f3rnych w bezpieczny, szybki i ma\u0142o inwazyjny spos\u00f3b. Radiotermoliza TERMOCELL to innowacyjna metoda wykorzystuj\u0105ca fale radiowe o wysokiej cz\u0119stotliwo\u015bci, kt\u00f3ra umo\u017cliwia precyzyjne usuwanie takich zmian jak brodawki, w\u0142\u00f3kniaki czy drobne znamiona \u2013 bez u\u017cycia skalpela.\" \/>\n<meta property=\"og:url\" content=\"http:\/\/www.kosmetologiamagiczna.pl\/index.php\/usuwanie-zmian-skornych\/\" \/>\n<meta property=\"og:site_name\" content=\"Kosmetologia Estetyczna MAGICZNA\" \/>\n<meta property=\"article:publisher\" content=\"https:\/\/www.facebook.com\/KosmetologiaEstetycznaMAGICZNA\" \/>\n<meta property=\"article:modified_time\" content=\"2025-12-31T19:32:58+00:00\" \/>\n<meta property=\"og:image\" content=\"http:\/\/www.kosmetologiamagiczna.pl\/wp-content\/uploads\/2020\/08\/usuwanie-zmian.png\" \/>\n<meta name=\"twitter:card\" content=\"summary_large_image\" \/>\n<meta name=\"twitter:label1\" content=\"Szacowany czas czytania\" \/>\n\t<meta name=\"twitter:data1\" content=\"3 minuty\" \/>\n<script type=\"application\/ld+json\" class=\"yoast-schema-graph\">{\"@context\":\"https:\/\/schema.org\",\"@graph\":[{\"@type\":\"WebPage\",\"@id\":\"http:\/\/www.kosmetologiamagiczna.pl\/index.php\/usuwanie-zmian-skornych\/\",\"url\":\"http:\/\/www.kosmetologiamagiczna.pl\/index.php\/usuwanie-zmian-skornych\/\",\"name\":\"Usuwanie zmian sk\u00f3rnych - Kosmetologia Estetyczna MAGICZNA\",\"isPartOf\":{\"@id\":\"https:\/\/www.kosmetologiamagiczna.pl\/#website\"},\"primaryImageOfPage\":{\"@id\":\"http:\/\/www.kosmetologiamagiczna.pl\/index.php\/usuwanie-zmian-skornych\/#primaryimage\"},\"image\":{\"@id\":\"http:\/\/www.kosmetologiamagiczna.pl\/index.php\/usuwanie-zmian-skornych\/#primaryimage\"},\"thumbnailUrl\":\"http:\/\/www.kosmetologiamagiczna.pl\/wp-content\/uploads\/2020\/08\/usuwanie-zmian.png\",\"datePublished\":\"2025-12-13T20:20:10+00:00\",\"dateModified\":\"2025-12-31T19:32:58+00:00\",\"description\":\"Nowoczesne usuwanie zmian sk\u00f3rnych \u2013 radiotermoliza TERMOCELLPozb\u0105d\u017a si\u0119 niechcianych zmian sk\u00f3rnych w bezpieczny, szybki i ma\u0142o inwazyjny spos\u00f3b. Radiotermoliza TERMOCELL to innowacyjna metoda wykorzystuj\u0105ca fale radiowe o wysokiej cz\u0119stotliwo\u015bci, kt\u00f3ra umo\u017cliwia precyzyjne usuwanie takich zmian jak brodawki, w\u0142\u00f3kniaki czy drobne znamiona \u2013 bez u\u017cycia skalpela.\",\"breadcrumb\":{\"@id\":\"http:\/\/www.kosmetologiamagiczna.pl\/index.php\/usuwanie-zmian-skornych\/#breadcrumb\"},\"inLanguage\":\"pl-PL\",\"potentialAction\":[{\"@type\":\"ReadAction\",\"target\":[\"http:\/\/www.kosmetologiamagiczna.pl\/index.php\/usuwanie-zmian-skornych\/\"]}]},{\"@type\":\"ImageObject\",\"inLanguage\":\"pl-PL\",\"@id\":\"http:\/\/www.kosmetologiamagiczna.pl\/index.php\/usuwanie-zmian-skornych\/#primaryimage\",\"url\":\"http:\/\/www.kosmetologiamagiczna.pl\/wp-content\/uploads\/2020\/08\/usuwanie-zmian.png\",\"contentUrl\":\"http:\/\/www.kosmetologiamagiczna.pl\/wp-content\/uploads\/2020\/08\/usuwanie-zmian.png\"},{\"@type\":\"BreadcrumbList\",\"@id\":\"http:\/\/www.kosmetologiamagiczna.pl\/index.php\/usuwanie-zmian-skornych\/#breadcrumb\",\"itemListElement\":[{\"@type\":\"ListItem\",\"position\":1,\"name\":\"Strona g\u0142\u00f3wna\",\"item\":\"https:\/\/www.kosmetologiamagiczna.pl\/\"},{\"@type\":\"ListItem\",\"position\":2,\"name\":\"Usuwanie zmian sk\u00f3rnych\"}]},{\"@type\":\"WebSite\",\"@id\":\"https:\/\/www.kosmetologiamagiczna.pl\/#website\",\"url\":\"https:\/\/www.kosmetologiamagiczna.pl\/\",\"name\":\"Kosmetologia Estetyczna MAGICZNA\",\"description\":\"Pi\u0119kno, kt\u00f3re podkre\u015bla Twoj\u0105 naturalno\u015b\u0107.\",\"publisher\":{\"@id\":\"https:\/\/www.kosmetologiamagiczna.pl\/#organization\"},\"potentialAction\":[{\"@type\":\"SearchAction\",\"target\":{\"@type\":\"EntryPoint\",\"urlTemplate\":\"https:\/\/www.kosmetologiamagiczna.pl\/?s={search_term_string}\"},\"query-input\":{\"@type\":\"PropertyValueSpecification\",\"valueRequired\":true,\"valueName\":\"search_term_string\"}}],\"inLanguage\":\"pl-PL\"},{\"@type\":\"Organization\",\"@id\":\"https:\/\/www.kosmetologiamagiczna.pl\/#organization\",\"name\":\"Kosmetologia Estetyczna MAGICZNA\",\"url\":\"https:\/\/www.kosmetologiamagiczna.pl\/\",\"logo\":{\"@type\":\"ImageObject\",\"inLanguage\":\"pl-PL\",\"@id\":\"https:\/\/www.kosmetologiamagiczna.pl\/#\/schema\/logo\/image\/\",\"url\":\"http:\/\/www.kosmetologiamagiczna.pl\/wp-content\/uploads\/2025\/11\/cropped-logoAnkaCorel18.png\",\"contentUrl\":\"http:\/\/www.kosmetologiamagiczna.pl\/wp-content\/uploads\/2025\/11\/cropped-logoAnkaCorel18.png\",\"width\":512,\"height\":512,\"caption\":\"Kosmetologia Estetyczna MAGICZNA\"},\"image\":{\"@id\":\"https:\/\/www.kosmetologiamagiczna.pl\/#\/schema\/logo\/image\/\"},\"sameAs\":[\"https:\/\/www.facebook.com\/KosmetologiaEstetycznaMAGICZNA\"]}]}<\/script>\n<!-- \/ Yoast SEO plugin. -->","yoast_head_json":{"title":"Usuwanie zmian sk\u00f3rnych - Kosmetologia Estetyczna MAGICZNA","description":"Nowoczesne usuwanie zmian sk\u00f3rnych \u2013 radiotermoliza TERMOCELLPozb\u0105d\u017a si\u0119 niechcianych zmian sk\u00f3rnych w bezpieczny, szybki i ma\u0142o inwazyjny spos\u00f3b. Radiotermoliza TERMOCELL to innowacyjna metoda wykorzystuj\u0105ca fale radiowe o wysokiej cz\u0119stotliwo\u015bci, kt\u00f3ra umo\u017cliwia precyzyjne usuwanie takich zmian jak brodawki, w\u0142\u00f3kniaki czy drobne znamiona \u2013 bez u\u017cycia skalpela.","robots":{"index":"index","follow":"follow","max-snippet":"max-snippet:-1","max-image-preview":"max-image-preview:large","max-video-preview":"max-video-preview:-1"},"canonical":"http:\/\/www.kosmetologiamagiczna.pl\/index.php\/usuwanie-zmian-skornych\/","og_locale":"pl_PL","og_type":"article","og_title":"Usuwanie zmian sk\u00f3rnych - Kosmetologia Estetyczna MAGICZNA","og_description":"Nowoczesne usuwanie zmian sk\u00f3rnych \u2013 radiotermoliza TERMOCELLPozb\u0105d\u017a si\u0119 niechcianych zmian sk\u00f3rnych w bezpieczny, szybki i ma\u0142o inwazyjny spos\u00f3b. Radiotermoliza TERMOCELL to innowacyjna metoda wykorzystuj\u0105ca fale radiowe o wysokiej cz\u0119stotliwo\u015bci, kt\u00f3ra umo\u017cliwia precyzyjne usuwanie takich zmian jak brodawki, w\u0142\u00f3kniaki czy drobne znamiona \u2013 bez u\u017cycia skalpela.","og_url":"http:\/\/www.kosmetologiamagiczna.pl\/index.php\/usuwanie-zmian-skornych\/","og_site_name":"Kosmetologia Estetyczna MAGICZNA","article_publisher":"https:\/\/www.facebook.com\/KosmetologiaEstetycznaMAGICZNA","article_modified_time":"2025-12-31T19:32:58+00:00","og_image":[{"url":"http:\/\/www.kosmetologiamagiczna.pl\/wp-content\/uploads\/2020\/08\/usuwanie-zmian.png","type":"","width":"","height":""}],"twitter_card":"summary_large_image","twitter_misc":{"Szacowany czas czytania":"3 minuty"},"schema":{"@context":"https:\/\/schema.org","@graph":[{"@type":"WebPage","@id":"http:\/\/www.kosmetologiamagiczna.pl\/index.php\/usuwanie-zmian-skornych\/","url":"http:\/\/www.kosmetologiamagiczna.pl\/index.php\/usuwanie-zmian-skornych\/","name":"Usuwanie zmian sk\u00f3rnych - Kosmetologia Estetyczna MAGICZNA","isPartOf":{"@id":"https:\/\/www.kosmetologiamagiczna.pl\/#website"},"primaryImageOfPage":{"@id":"http:\/\/www.kosmetologiamagiczna.pl\/index.php\/usuwanie-zmian-skornych\/#primaryimage"},"image":{"@id":"http:\/\/www.kosmetologiamagiczna.pl\/index.php\/usuwanie-zmian-skornych\/#primaryimage"},"thumbnailUrl":"http:\/\/www.kosmetologiamagiczna.pl\/wp-content\/uploads\/2020\/08\/usuwanie-zmian.png","datePublished":"2025-12-13T20:20:10+00:00","dateModified":"2025-12-31T19:32:58+00:00","description":"Nowoczesne usuwanie zmian sk\u00f3rnych \u2013 radiotermoliza TERMOCELLPozb\u0105d\u017a si\u0119 niechcianych zmian sk\u00f3rnych w bezpieczny, szybki i ma\u0142o inwazyjny spos\u00f3b. Radiotermoliza TERMOCELL to innowacyjna metoda wykorzystuj\u0105ca fale radiowe o wysokiej cz\u0119stotliwo\u015bci, kt\u00f3ra umo\u017cliwia precyzyjne usuwanie takich zmian jak brodawki, w\u0142\u00f3kniaki czy drobne znamiona \u2013 bez u\u017cycia skalpela.","breadcrumb":{"@id":"http:\/\/www.kosmetologiamagiczna.pl\/index.php\/usuwanie-zmian-skornych\/#breadcrumb"},"inLanguage":"pl-PL","potentialAction":[{"@type":"ReadAction","target":["http:\/\/www.kosmetologiamagiczna.pl\/index.php\/usuwanie-zmian-skornych\/"]}]},{"@type":"ImageObject","inLanguage":"pl-PL","@id":"http:\/\/www.kosmetologiamagiczna.pl\/index.php\/usuwanie-zmian-skornych\/#primaryimage","url":"http:\/\/www.kosmetologiamagiczna.pl\/wp-content\/uploads\/2020\/08\/usuwanie-zmian.png","contentUrl":"http:\/\/www.kosmetologiamagiczna.pl\/wp-content\/uploads\/2020\/08\/usuwanie-zmian.png"},{"@type":"BreadcrumbList","@id":"http:\/\/www.kosmetologiamagiczna.pl\/index.php\/usuwanie-zmian-skornych\/#breadcrumb","itemListElement":[{"@type":"ListItem","position":1,"name":"Strona g\u0142\u00f3wna","item":"https:\/\/www.kosmetologiamagiczna.pl\/"},{"@type":"ListItem","position":2,"name":"Usuwanie zmian sk\u00f3rnych"}]},{"@type":"WebSite","@id":"https:\/\/www.kosmetologiamagiczna.pl\/#website","url":"https:\/\/www.kosmetologiamagiczna.pl\/","name":"Kosmetologia Estetyczna MAGICZNA","description":"Pi\u0119kno, kt\u00f3re podkre\u015bla Twoj\u0105 naturalno\u015b\u0107.","publisher":{"@id":"https:\/\/www.kosmetologiamagiczna.pl\/#organization"},"potentialAction":[{"@type":"SearchAction","target":{"@type":"EntryPoint","urlTemplate":"https:\/\/www.kosmetologiamagiczna.pl\/?s={search_term_string}"},"query-input":{"@type":"PropertyValueSpecification","valueRequired":true,"valueName":"search_term_string"}}],"inLanguage":"pl-PL"},{"@type":"Organization","@id":"https:\/\/www.kosmetologiamagiczna.pl\/#organization","name":"Kosmetologia Estetyczna MAGICZNA","url":"https:\/\/www.kosmetologiamagiczna.pl\/","logo":{"@type":"ImageObject","inLanguage":"pl-PL","@id":"https:\/\/www.kosmetologiamagiczna.pl\/#\/schema\/logo\/image\/","url":"http:\/\/www.kosmetologiamagiczna.pl\/wp-content\/uploads\/2025\/11\/cropped-logoAnkaCorel18.png","contentUrl":"http:\/\/www.kosmetologiamagiczna.pl\/wp-content\/uploads\/2025\/11\/cropped-logoAnkaCorel18.png","width":512,"height":512,"caption":"Kosmetologia Estetyczna MAGICZNA"},"image":{"@id":"https:\/\/www.kosmetologiamagiczna.pl\/#\/schema\/logo\/image\/"},"sameAs":["https:\/\/www.facebook.com\/KosmetologiaEstetycznaMAGICZNA"]}]}},"_links":{"self":[{"href":"http:\/\/www.kosmetologiamagiczna.pl\/index.php\/wp-json\/wp\/v2\/pages\/4549","targetHints":{"allow":["GET"]}}],"collection":[{"href":"http:\/\/www.kosmetologiamagiczna.pl\/index.php\/wp-json\/wp\/v2\/pages"}],"about":[{"href":"http:\/\/www.kosmetologiamagiczna.pl\/index.php\/wp-json\/wp\/v2\/types\/page"}],"author":[{"embeddable":true,"href":"http:\/\/www.kosmetologiamagiczna.pl\/index.php\/wp-json\/wp\/v2\/users\/1"}],"replies":[{"embeddable":true,"href":"http:\/\/www.kosmetologiamagiczna.pl\/index.php\/wp-json\/wp\/v2\/comments?post=4549"}],"version-history":[{"count":37,"href":"http:\/\/www.kosmetologiamagiczna.pl\/index.php\/wp-json\/wp\/v2\/pages\/4549\/revisions"}],"predecessor-version":[{"id":5110,"href":"http:\/\/www.kosmetologiamagiczna.pl\/index.php\/wp-json\/wp\/v2\/pages\/4549\/revisions\/5110"}],"wp:attachment":[{"href":"http:\/\/www.kosmetologiamagiczna.pl\/index.php\/wp-json\/wp\/v2\/media?parent=4549"}],"curies":[{"name":"wp","href":"https:\/\/api.w.org\/{rel}","templated":true}]}}